{"id":225768,"date":"2025-12-28T04:35:41","date_gmt":"2025-12-28T01:35:41","guid":{"rendered":"https:\/\/baldumarket.lt\/product\/meble-gaves-9-pokojowe-mebloscianka-szafa-regal-komoda-dab-cremona-czarny\/"},"modified":"2026-02-11T18:37:45","modified_gmt":"2026-02-11T15:37:45","slug":"meble-gaves-9-pokojowe-mebloscianka-szafa-regal-komoda-dab-cremona-czarny","status":"publish","type":"product","link":"https:\/\/baldumarket.lt\/lt\/product\/meble-gaves-9-pokojowe-mebloscianka-szafa-regal-komoda-dab-cremona-czarny\/","title":{"rendered":"GAVES #9 svetain\u0117s baldai, sienin\u0117 spintel\u0117, drabu\u017ei\u0173 spinta, lentyna, komoda, \u0105\u017euolas \u201eCremona\u201c, juoda"},"content":{"rendered":"<p>GAVES rinkinys, 9 vnt.<br \/>\nKomplekt\u0105 sudaro: GAVES 03 komoda 150\/85\/42 \u2013 35kg \u2013 1 vnt. GAVES 07 lentyna 60\/190\/42 \u2013 49kg \u2013 2 vnt. GAVES 09 lentyna 80\/154\/42 \u2013 52kg \u2013 2 vnt. GAVES 10 lentyna 80\/190\/42 \u2013 62kg \u2013 2 vnt. GAVES 11 lentyna 60\/190\/42 \u2013 43kg \u2013 2 vnt. Spalva: kremonos \u0105\u017euolas \/ juoda<\/p>","protected":false},"excerpt":{"rendered":"<p>Svoris [kg]: 241<\/p>","protected":false},"featured_media":225769,"comment_status":"open","ping_status":"open","template":"","meta":[],"product_brand":[],"product_cat":[8386,2008],"product_tag":[],"class_list":{"0":"post-225768","1":"product","2":"type-product","3":"status-publish","4":"has-post-thumbnail","6":"product_cat-meblocross","7":"product_cat-wall-units","9":"first","10":"instock","11":"purchasable","12":"product-type-simple"},"_links":{"self":[{"href":"https:\/\/baldumarket.lt\/lt\/wp-json\/wp\/v2\/product\/225768","targetHints":{"allow":["GET"]}}],"collection":[{"href":"https:\/\/baldumarket.lt\/lt\/wp-json\/wp\/v2\/product"}],"about":[{"href":"https:\/\/baldumarket.lt\/lt\/wp-json\/wp\/v2\/types\/product"}],"replies":[{"embeddable":true,"href":"https:\/\/baldumarket.lt\/lt\/wp-json\/wp\/v2\/comments?post=225768"}],"wp:featuredmedia":[{"embeddable":true,"href":"https:\/\/baldumarket.lt\/lt\/wp-json\/wp\/v2\/media\/225769"}],"wp:attachment":[{"href":"https:\/\/baldumarket.lt\/lt\/wp-json\/wp\/v2\/media?parent=225768"}],"wp:term":[{"taxonomy":"product_brand","embeddable":true,"href":"https:\/\/baldumarket.lt\/lt\/wp-json\/wp\/v2\/product_brand?post=225768"},{"taxonomy":"product_cat","embeddable":true,"href":"https:\/\/baldumarket.lt\/lt\/wp-json\/wp\/v2\/product_cat?post=225768"},{"taxonomy":"product_tag","embeddable":true,"href":"https:\/\/baldumarket.lt\/lt\/wp-json\/wp\/v2\/product_tag?post=225768"}],"curies":[{"name":"wp","href":"https:\/\/api.w.org\/{rel}","templated":true}]}}