{"id":225744,"date":"2025-12-28T04:34:44","date_gmt":"2025-12-28T01:34:44","guid":{"rendered":"https:\/\/baldumarket.lt\/product\/meble-gaves-01-komoda-z-szufladami-na-nozkach-do-salonu-dab-endgrain-czarny\/"},"modified":"2026-02-11T18:37:46","modified_gmt":"2026-02-11T15:37:46","slug":"meble-gaves-01-komoda-z-szufladami-na-nozkach-do-salonu-dab-endgrain-czarny","status":"publish","type":"product","link":"https:\/\/baldumarket.lt\/lt\/product\/meble-gaves-01-komoda-z-szufladami-na-nozkach-do-salonu-dab-endgrain-czarny\/","title":{"rendered":"GAVES 01 bald\u0173 komoda su kojel\u0117mis svetainei, juodo \u0105\u017euolo imitacija"},"content":{"rendered":"<p>GAVES 01 komoda 1d2s<br \/>\nSpalva: \u0105\u017euolo kra\u0161tai \/ juoda<\/p>","protected":false},"excerpt":{"rendered":"<p>Plotis [cm]: 90<br \/>\nAuk\u0161tis [cm]: 85<br \/>\nGylis [cm]: 42<br \/>\nSvoris [kg]: 41<br \/>\nSpalvos: juoda, \u0105\u017euolo kra\u0161tai<\/p>","protected":false},"featured_media":225745,"comment_status":"open","ping_status":"open","template":"","meta":[],"product_brand":[],"product_cat":[1173,8386],"product_tag":[],"class_list":{"0":"post-225744","1":"product","2":"type-product","3":"status-publish","4":"has-post-thumbnail","6":"product_cat-chests-of-drawers","7":"product_cat-meblocross","9":"first","10":"instock","11":"purchasable","12":"product-type-simple"},"_links":{"self":[{"href":"https:\/\/baldumarket.lt\/lt\/wp-json\/wp\/v2\/product\/225744","targetHints":{"allow":["GET"]}}],"collection":[{"href":"https:\/\/baldumarket.lt\/lt\/wp-json\/wp\/v2\/product"}],"about":[{"href":"https:\/\/baldumarket.lt\/lt\/wp-json\/wp\/v2\/types\/product"}],"replies":[{"embeddable":true,"href":"https:\/\/baldumarket.lt\/lt\/wp-json\/wp\/v2\/comments?post=225744"}],"wp:featuredmedia":[{"embeddable":true,"href":"https:\/\/baldumarket.lt\/lt\/wp-json\/wp\/v2\/media\/225745"}],"wp:attachment":[{"href":"https:\/\/baldumarket.lt\/lt\/wp-json\/wp\/v2\/media?parent=225744"}],"wp:term":[{"taxonomy":"product_brand","embeddable":true,"href":"https:\/\/baldumarket.lt\/lt\/wp-json\/wp\/v2\/product_brand?post=225744"},{"taxonomy":"product_cat","embeddable":true,"href":"https:\/\/baldumarket.lt\/lt\/wp-json\/wp\/v2\/product_cat?post=225744"},{"taxonomy":"product_tag","embeddable":true,"href":"https:\/\/baldumarket.lt\/lt\/wp-json\/wp\/v2\/product_tag?post=225744"}],"curies":[{"name":"wp","href":"https:\/\/api.w.org\/{rel}","templated":true}]}}