{"id":225736,"date":"2025-12-28T04:34:24","date_gmt":"2025-12-28T01:34:24","guid":{"rendered":"https:\/\/baldumarket.lt\/product\/meble-gaves-02-duza-komoda-z-szufladami-drzwiami-do-salonu-dab-artisan-czar\/"},"modified":"2026-02-11T18:37:47","modified_gmt":"2026-02-11T15:37:47","slug":"meble-gaves-02-duza-komoda-z-szufladami-drzwiami-do-salonu-dab-artisan-czar","status":"publish","type":"product","link":"https:\/\/baldumarket.lt\/lt\/product\/meble-gaves-02-duza-komoda-z-szufladami-drzwiami-do-salonu-dab-artisan-czar\/","title":{"rendered":"GAVES 02 baldai didel\u0117 komoda su durel\u0117mis svetainei, \u0105\u017euolo dirbiniai, juoda"},"content":{"rendered":"<p>GAVES 02 komoda su dviem stal\u010diais<br \/>\nSpalva: \u0105\u017euolo dirbiniai \/ juoda<\/p>","protected":false},"excerpt":{"rendered":"<p>Plotis [cm]: 120<br \/>\nAuk\u0161tis [cm]: 85<br \/>\nGylis [cm]: 42<br \/>\nSvoris [kg]: 50<br \/>\nSpalvos: \u0105\u017euolas, juoda<\/p>","protected":false},"featured_media":225737,"comment_status":"open","ping_status":"open","template":"","meta":[],"product_brand":[],"product_cat":[1173,8386],"product_tag":[],"class_list":{"0":"post-225736","1":"product","2":"type-product","3":"status-publish","4":"has-post-thumbnail","6":"product_cat-chests-of-drawers","7":"product_cat-meblocross","9":"first","10":"instock","11":"purchasable","12":"product-type-simple"},"_links":{"self":[{"href":"https:\/\/baldumarket.lt\/lt\/wp-json\/wp\/v2\/product\/225736","targetHints":{"allow":["GET"]}}],"collection":[{"href":"https:\/\/baldumarket.lt\/lt\/wp-json\/wp\/v2\/product"}],"about":[{"href":"https:\/\/baldumarket.lt\/lt\/wp-json\/wp\/v2\/types\/product"}],"replies":[{"embeddable":true,"href":"https:\/\/baldumarket.lt\/lt\/wp-json\/wp\/v2\/comments?post=225736"}],"wp:featuredmedia":[{"embeddable":true,"href":"https:\/\/baldumarket.lt\/lt\/wp-json\/wp\/v2\/media\/225737"}],"wp:attachment":[{"href":"https:\/\/baldumarket.lt\/lt\/wp-json\/wp\/v2\/media?parent=225736"}],"wp:term":[{"taxonomy":"product_brand","embeddable":true,"href":"https:\/\/baldumarket.lt\/lt\/wp-json\/wp\/v2\/product_brand?post=225736"},{"taxonomy":"product_cat","embeddable":true,"href":"https:\/\/baldumarket.lt\/lt\/wp-json\/wp\/v2\/product_cat?post=225736"},{"taxonomy":"product_tag","embeddable":true,"href":"https:\/\/baldumarket.lt\/lt\/wp-json\/wp\/v2\/product_tag?post=225736"}],"curies":[{"name":"wp","href":"https:\/\/api.w.org\/{rel}","templated":true}]}}