{"id":225684,"date":"2025-12-28T04:32:00","date_gmt":"2025-12-28T01:32:00","guid":{"rendered":"https:\/\/baldumarket.lt\/product\/meble-gaves-04-lawa-nowoczesny-stolik-kawowy-do-salonu-dab-craft-zlo-czarny\/"},"modified":"2026-02-11T18:37:48","modified_gmt":"2026-02-11T15:37:48","slug":"meble-gaves-04-lawa-nowoczesny-stolik-kawowy-do-salonu-dab-craft-zlo-czarny","status":"publish","type":"product","link":"https:\/\/baldumarket.lt\/lt\/product\/meble-gaves-04-lawa-nowoczesny-stolik-kawowy-do-salonu-dab-craft-zlo-czarny\/","title":{"rendered":"GAVES 04 baldai, modernus kavos staliukas svetainei, \u0105\u017euolo dirbiniai, auksin\u0117, juoda"},"content":{"rendered":"<p>GAVES 04 kavos staliukas<br \/>\nSpalva: Auksinis \u0105\u017euolas \/ juoda<\/p>","protected":false},"excerpt":{"rendered":"<p>Plotis [cm]: 90<br \/>\nAuk\u0161tis [cm]: 36<br \/>\nGylis [cm]: 60<br \/>\nSvoris [kg]: 18<br \/>\nSpalvos: juoda, auksin\u0117, \u0105\u017euolo spalvos<\/p>","protected":false},"featured_media":225685,"comment_status":"open","ping_status":"open","template":"","meta":[],"product_brand":[],"product_cat":[866,8386],"product_tag":[],"class_list":{"0":"post-225684","1":"product","2":"type-product","3":"status-publish","4":"has-post-thumbnail","6":"product_cat-coffee-tables","7":"product_cat-meblocross","9":"first","10":"instock","11":"purchasable","12":"product-type-simple"},"_links":{"self":[{"href":"https:\/\/baldumarket.lt\/lt\/wp-json\/wp\/v2\/product\/225684","targetHints":{"allow":["GET"]}}],"collection":[{"href":"https:\/\/baldumarket.lt\/lt\/wp-json\/wp\/v2\/product"}],"about":[{"href":"https:\/\/baldumarket.lt\/lt\/wp-json\/wp\/v2\/types\/product"}],"replies":[{"embeddable":true,"href":"https:\/\/baldumarket.lt\/lt\/wp-json\/wp\/v2\/comments?post=225684"}],"wp:featuredmedia":[{"embeddable":true,"href":"https:\/\/baldumarket.lt\/lt\/wp-json\/wp\/v2\/media\/225685"}],"wp:attachment":[{"href":"https:\/\/baldumarket.lt\/lt\/wp-json\/wp\/v2\/media?parent=225684"}],"wp:term":[{"taxonomy":"product_brand","embeddable":true,"href":"https:\/\/baldumarket.lt\/lt\/wp-json\/wp\/v2\/product_brand?post=225684"},{"taxonomy":"product_cat","embeddable":true,"href":"https:\/\/baldumarket.lt\/lt\/wp-json\/wp\/v2\/product_cat?post=225684"},{"taxonomy":"product_tag","embeddable":true,"href":"https:\/\/baldumarket.lt\/lt\/wp-json\/wp\/v2\/product_tag?post=225684"}],"curies":[{"name":"wp","href":"https:\/\/api.w.org\/{rel}","templated":true}]}}