{"id":225622,"date":"2025-12-28T04:29:44","date_gmt":"2025-12-28T01:29:44","guid":{"rendered":"https:\/\/baldumarket.lt\/product\/meble-gaves-06-niski-regal-na-ksiazki-z-szufladami-loft-dab-endgrain-bialy\/"},"modified":"2026-02-11T18:37:49","modified_gmt":"2026-02-11T15:37:49","slug":"meble-gaves-06-niski-regal-na-ksiazki-z-szufladami-loft-dab-endgrain-bialy","status":"publish","type":"product","link":"https:\/\/baldumarket.lt\/lt\/product\/meble-gaves-06-niski-regal-na-ksiazki-z-szufladami-loft-dab-endgrain-bialy\/","title":{"rendered":"GAVES 06 baldai, \u017eema knyg\u0173 lentyna su stal\u010diais, lofto stiliaus, \u0105\u017euolo imitacijos, balta"},"content":{"rendered":"<p>GAVES 06 1d2s lentyna<br \/>\nSpalva: \u0105\u017euolo kra\u0161tai \/ balta<\/p>","protected":false},"excerpt":{"rendered":"<p>Plotis [cm]: 80<br \/>\nAuk\u0161tis [cm]: 119<br \/>\nGylis [cm]: 42<br \/>\nSvoris [kg]: 46<br \/>\nSpalvos: \u0105\u017euolo kra\u0161tai, balta<\/p>","protected":false},"featured_media":225623,"comment_status":"open","ping_status":"open","template":"","meta":[],"product_brand":[],"product_cat":[8386,1987],"product_tag":[],"class_list":{"0":"post-225622","1":"product","2":"type-product","3":"status-publish","4":"has-post-thumbnail","6":"product_cat-meblocross","7":"product_cat-shelving-units","9":"first","10":"instock","11":"purchasable","12":"product-type-simple"},"_links":{"self":[{"href":"https:\/\/baldumarket.lt\/lt\/wp-json\/wp\/v2\/product\/225622","targetHints":{"allow":["GET"]}}],"collection":[{"href":"https:\/\/baldumarket.lt\/lt\/wp-json\/wp\/v2\/product"}],"about":[{"href":"https:\/\/baldumarket.lt\/lt\/wp-json\/wp\/v2\/types\/product"}],"replies":[{"embeddable":true,"href":"https:\/\/baldumarket.lt\/lt\/wp-json\/wp\/v2\/comments?post=225622"}],"wp:featuredmedia":[{"embeddable":true,"href":"https:\/\/baldumarket.lt\/lt\/wp-json\/wp\/v2\/media\/225623"}],"wp:attachment":[{"href":"https:\/\/baldumarket.lt\/lt\/wp-json\/wp\/v2\/media?parent=225622"}],"wp:term":[{"taxonomy":"product_brand","embeddable":true,"href":"https:\/\/baldumarket.lt\/lt\/wp-json\/wp\/v2\/product_brand?post=225622"},{"taxonomy":"product_cat","embeddable":true,"href":"https:\/\/baldumarket.lt\/lt\/wp-json\/wp\/v2\/product_cat?post=225622"},{"taxonomy":"product_tag","embeddable":true,"href":"https:\/\/baldumarket.lt\/lt\/wp-json\/wp\/v2\/product_tag?post=225622"}],"curies":[{"name":"wp","href":"https:\/\/api.w.org\/{rel}","templated":true}]}}