{"id":225606,"date":"2025-12-28T04:29:13","date_gmt":"2025-12-28T01:29:13","guid":{"rendered":"https:\/\/baldumarket.lt\/product\/meble-gaves-07-regal-z-polkami-szuflada-zamkniety-loft-dab-craft-zlo-czarny\/"},"modified":"2026-02-11T18:37:49","modified_gmt":"2026-02-11T15:37:49","slug":"meble-gaves-07-regal-z-polkami-szuflada-zamkniety-loft-dab-craft-zlo-czarny","status":"publish","type":"product","link":"https:\/\/baldumarket.lt\/lt\/product\/meble-gaves-07-regal-z-polkami-szuflada-zamkniety-loft-dab-craft-zlo-czarny\/","title":{"rendered":"GAVES 07 baldai, lentyn\u0173 blokas su lentynomis ir u\u017edaru stal\u010diumi, pal\u0117p\u0117, \u0105\u017euolo dirbiniai, auksin\u0117, juoda"},"content":{"rendered":"<p>GAVES 07 dviej\u0173 stal\u010di\u0173 lentyna<br \/>\nSpalva: auksin\u0117 \u0105\u017euolo \/ juoda<\/p>","protected":false},"excerpt":{"rendered":"<p>Plotis [cm]: 60<br \/>\nAuk\u0161tis [cm]: 190<br \/>\nGylis [cm]: 42<br \/>\nSvoris [kg]: 49<br \/>\nSpalvos: juoda, auksin\u0117, \u0105\u017euolo spalvos<\/p>","protected":false},"featured_media":225607,"comment_status":"open","ping_status":"open","template":"","meta":[],"product_brand":[],"product_cat":[8386,1987],"product_tag":[],"class_list":{"0":"post-225606","1":"product","2":"type-product","3":"status-publish","4":"has-post-thumbnail","6":"product_cat-meblocross","7":"product_cat-shelving-units","9":"first","10":"instock","11":"purchasable","12":"product-type-simple"},"_links":{"self":[{"href":"https:\/\/baldumarket.lt\/lt\/wp-json\/wp\/v2\/product\/225606","targetHints":{"allow":["GET"]}}],"collection":[{"href":"https:\/\/baldumarket.lt\/lt\/wp-json\/wp\/v2\/product"}],"about":[{"href":"https:\/\/baldumarket.lt\/lt\/wp-json\/wp\/v2\/types\/product"}],"replies":[{"embeddable":true,"href":"https:\/\/baldumarket.lt\/lt\/wp-json\/wp\/v2\/comments?post=225606"}],"wp:featuredmedia":[{"embeddable":true,"href":"https:\/\/baldumarket.lt\/lt\/wp-json\/wp\/v2\/media\/225607"}],"wp:attachment":[{"href":"https:\/\/baldumarket.lt\/lt\/wp-json\/wp\/v2\/media?parent=225606"}],"wp:term":[{"taxonomy":"product_brand","embeddable":true,"href":"https:\/\/baldumarket.lt\/lt\/wp-json\/wp\/v2\/product_brand?post=225606"},{"taxonomy":"product_cat","embeddable":true,"href":"https:\/\/baldumarket.lt\/lt\/wp-json\/wp\/v2\/product_cat?post=225606"},{"taxonomy":"product_tag","embeddable":true,"href":"https:\/\/baldumarket.lt\/lt\/wp-json\/wp\/v2\/product_tag?post=225606"}],"curies":[{"name":"wp","href":"https:\/\/api.w.org\/{rel}","templated":true}]}}