{"id":225574,"date":"2025-12-28T04:27:44","date_gmt":"2025-12-28T01:27:44","guid":{"rendered":"https:\/\/baldumarket.lt\/product\/meble-gaves-08-regal-z-szufladami-polkami-do-salonu-loft-dab-endgr-czarny\/"},"modified":"2026-02-11T18:37:50","modified_gmt":"2026-02-11T15:37:50","slug":"meble-gaves-08-regal-z-szufladami-polkami-do-salonu-loft-dab-endgr-czarny","status":"publish","type":"product","link":"https:\/\/baldumarket.lt\/lt\/product\/meble-gaves-08-regal-z-szufladami-polkami-do-salonu-loft-dab-endgr-czarny\/","title":{"rendered":"GAVES 08 baldai, lentyna su stal\u010diais ir lentynomis svetainei, pal\u0117pei, juodo \u0105\u017euolo apdaila"},"content":{"rendered":"<p>GAVES 08 dviej\u0173 auk\u0161t\u0173 lentyn\u0173 blokas<br \/>\nSpalva: \u0105\u017euolo kra\u0161tai \/ juoda<\/p>","protected":false},"excerpt":{"rendered":"<p>Plotis [cm]: 60<br \/>\nAuk\u0161tis [cm]: 154<br \/>\nGylis [cm]: 42<br \/>\nSvoris [kg]: 36<br \/>\nSpalvos: juoda, \u0105\u017euolo kra\u0161tai<\/p>","protected":false},"featured_media":225575,"comment_status":"open","ping_status":"open","template":"","meta":[],"product_brand":[],"product_cat":[8386,1987],"product_tag":[],"class_list":{"0":"post-225574","1":"product","2":"type-product","3":"status-publish","4":"has-post-thumbnail","6":"product_cat-meblocross","7":"product_cat-shelving-units","9":"first","10":"instock","11":"purchasable","12":"product-type-simple"},"_links":{"self":[{"href":"https:\/\/baldumarket.lt\/lt\/wp-json\/wp\/v2\/product\/225574","targetHints":{"allow":["GET"]}}],"collection":[{"href":"https:\/\/baldumarket.lt\/lt\/wp-json\/wp\/v2\/product"}],"about":[{"href":"https:\/\/baldumarket.lt\/lt\/wp-json\/wp\/v2\/types\/product"}],"replies":[{"embeddable":true,"href":"https:\/\/baldumarket.lt\/lt\/wp-json\/wp\/v2\/comments?post=225574"}],"wp:featuredmedia":[{"embeddable":true,"href":"https:\/\/baldumarket.lt\/lt\/wp-json\/wp\/v2\/media\/225575"}],"wp:attachment":[{"href":"https:\/\/baldumarket.lt\/lt\/wp-json\/wp\/v2\/media?parent=225574"}],"wp:term":[{"taxonomy":"product_brand","embeddable":true,"href":"https:\/\/baldumarket.lt\/lt\/wp-json\/wp\/v2\/product_brand?post=225574"},{"taxonomy":"product_cat","embeddable":true,"href":"https:\/\/baldumarket.lt\/lt\/wp-json\/wp\/v2\/product_cat?post=225574"},{"taxonomy":"product_tag","embeddable":true,"href":"https:\/\/baldumarket.lt\/lt\/wp-json\/wp\/v2\/product_tag?post=225574"}],"curies":[{"name":"wp","href":"https:\/\/api.w.org\/{rel}","templated":true}]}}