{"id":225554,"date":"2025-12-28T04:26:58","date_gmt":"2025-12-28T01:26:58","guid":{"rendered":"https:\/\/baldumarket.lt\/product\/meble-gaves-09-szafka-regal-z-polkami-loft-do-salonu-dab-cremona-czarny\/"},"modified":"2026-02-11T18:37:50","modified_gmt":"2026-02-11T15:37:50","slug":"meble-gaves-09-szafka-regal-z-polkami-loft-do-salonu-dab-cremona-czarny","status":"publish","type":"product","link":"https:\/\/baldumarket.lt\/lt\/product\/meble-gaves-09-szafka-regal-z-polkami-loft-do-salonu-dab-cremona-czarny\/","title":{"rendered":"GAVES 09 baldai, pal\u0117p\u0117s lentyn\u0173 spintel\u0117 svetainei, kremonos \u0105\u017euolas, juoda"},"content":{"rendered":"<p>GAVES 09 3D vienpus\u0117 lentyna<br \/>\nSpalva: Kremonos \u0105\u017euolas\/juoda<\/p>","protected":false},"excerpt":{"rendered":"<p>Plotis [cm]: 80<br \/>\nAuk\u0161tis [cm]: 154<br \/>\nGylis [cm]: 42<br \/>\nSvoris [kg]: 52<br \/>\nSpalvos: juoda, kremonos \u0105\u017euolas<\/p>","protected":false},"featured_media":225555,"comment_status":"open","ping_status":"open","template":"","meta":[],"product_brand":[],"product_cat":[8386,1987],"product_tag":[],"class_list":{"0":"post-225554","1":"product","2":"type-product","3":"status-publish","4":"has-post-thumbnail","6":"product_cat-meblocross","7":"product_cat-shelving-units","9":"first","10":"instock","11":"purchasable","12":"product-type-simple"},"_links":{"self":[{"href":"https:\/\/baldumarket.lt\/lt\/wp-json\/wp\/v2\/product\/225554","targetHints":{"allow":["GET"]}}],"collection":[{"href":"https:\/\/baldumarket.lt\/lt\/wp-json\/wp\/v2\/product"}],"about":[{"href":"https:\/\/baldumarket.lt\/lt\/wp-json\/wp\/v2\/types\/product"}],"replies":[{"embeddable":true,"href":"https:\/\/baldumarket.lt\/lt\/wp-json\/wp\/v2\/comments?post=225554"}],"wp:featuredmedia":[{"embeddable":true,"href":"https:\/\/baldumarket.lt\/lt\/wp-json\/wp\/v2\/media\/225555"}],"wp:attachment":[{"href":"https:\/\/baldumarket.lt\/lt\/wp-json\/wp\/v2\/media?parent=225554"}],"wp:term":[{"taxonomy":"product_brand","embeddable":true,"href":"https:\/\/baldumarket.lt\/lt\/wp-json\/wp\/v2\/product_brand?post=225554"},{"taxonomy":"product_cat","embeddable":true,"href":"https:\/\/baldumarket.lt\/lt\/wp-json\/wp\/v2\/product_cat?post=225554"},{"taxonomy":"product_tag","embeddable":true,"href":"https:\/\/baldumarket.lt\/lt\/wp-json\/wp\/v2\/product_tag?post=225554"}],"curies":[{"name":"wp","href":"https:\/\/api.w.org\/{rel}","templated":true}]}}