{"id":225514,"date":"2025-12-28T04:25:41","date_gmt":"2025-12-28T01:25:41","guid":{"rendered":"https:\/\/baldumarket.lt\/product\/meble-gaves-11-wysoki-regal-z-polkami-szufladami-loft-dab-artisan-czarny\/"},"modified":"2026-02-11T18:37:51","modified_gmt":"2026-02-11T15:37:51","slug":"meble-gaves-11-wysoki-regal-z-polkami-szufladami-loft-dab-artisan-czarny","status":"publish","type":"product","link":"https:\/\/baldumarket.lt\/lt\/product\/meble-gaves-11-wysoki-regal-z-polkami-szufladami-loft-dab-artisan-czarny\/","title":{"rendered":"GAVES 11 baldai, auk\u0161ta lentyna su lentynomis ir stal\u010diais, pal\u0117p\u0117, \u0105\u017euolo dirbiniai, juoda"},"content":{"rendered":"<p>GAVES 11 trij\u0173 auk\u0161t\u0173 lentyn\u0173 blokas<br \/>\nSpalva: Artisan \u0105\u017euolas \/ juoda<\/p>","protected":false},"excerpt":{"rendered":"<p>Plotis [cm]: 60<br \/>\nAuk\u0161tis [cm]: 190<br \/>\nGylis [cm]: 42<br \/>\nSvoris [kg]: 43<br \/>\nSpalvos: juoda, \u0105\u017euolo dirbiniai<\/p>","protected":false},"featured_media":225515,"comment_status":"open","ping_status":"open","template":"","meta":[],"product_brand":[],"product_cat":[8386,1987],"product_tag":[],"class_list":{"0":"post-225514","1":"product","2":"type-product","3":"status-publish","4":"has-post-thumbnail","6":"product_cat-meblocross","7":"product_cat-shelving-units","9":"first","10":"instock","11":"purchasable","12":"product-type-simple"},"_links":{"self":[{"href":"https:\/\/baldumarket.lt\/lt\/wp-json\/wp\/v2\/product\/225514","targetHints":{"allow":["GET"]}}],"collection":[{"href":"https:\/\/baldumarket.lt\/lt\/wp-json\/wp\/v2\/product"}],"about":[{"href":"https:\/\/baldumarket.lt\/lt\/wp-json\/wp\/v2\/types\/product"}],"replies":[{"embeddable":true,"href":"https:\/\/baldumarket.lt\/lt\/wp-json\/wp\/v2\/comments?post=225514"}],"wp:featuredmedia":[{"embeddable":true,"href":"https:\/\/baldumarket.lt\/lt\/wp-json\/wp\/v2\/media\/225515"}],"wp:attachment":[{"href":"https:\/\/baldumarket.lt\/lt\/wp-json\/wp\/v2\/media?parent=225514"}],"wp:term":[{"taxonomy":"product_brand","embeddable":true,"href":"https:\/\/baldumarket.lt\/lt\/wp-json\/wp\/v2\/product_brand?post=225514"},{"taxonomy":"product_cat","embeddable":true,"href":"https:\/\/baldumarket.lt\/lt\/wp-json\/wp\/v2\/product_cat?post=225514"},{"taxonomy":"product_tag","embeddable":true,"href":"https:\/\/baldumarket.lt\/lt\/wp-json\/wp\/v2\/product_tag?post=225514"}],"curies":[{"name":"wp","href":"https:\/\/api.w.org\/{rel}","templated":true}]}}