{"id":225482,"date":"2025-12-28T04:24:11","date_gmt":"2025-12-28T01:24:11","guid":{"rendered":"https:\/\/baldumarket.lt\/product\/meble-gaves-12-komoda-stolik-szafka-rtv-do-salonu-loft-dab-cremona-czarny\/"},"modified":"2026-02-11T18:37:51","modified_gmt":"2026-02-11T15:37:51","slug":"meble-gaves-12-komoda-stolik-szafka-rtv-do-salonu-loft-dab-cremona-czarny","status":"publish","type":"product","link":"https:\/\/baldumarket.lt\/lt\/product\/meble-gaves-12-komoda-stolik-szafka-rtv-do-salonu-loft-dab-cremona-czarny\/","title":{"rendered":"GAVES 12 bald\u0173 komoda su stal\u010diukais, TV spintel\u0117 svetainei, pal\u0117p\u0117, kremonos \u0105\u017euolas, juodas"},"content":{"rendered":"<p>GAVES 12 TV staliuk\u0173 1d1s<br \/>\nSpalva: Kremonos \u0105\u017euolas\/juoda<\/p>","protected":false},"excerpt":{"rendered":"<p>Plotis [cm]: 120<br \/>\nAuk\u0161tis [cm]: 60<br \/>\nGylis [cm]: 42<br \/>\nSvoris [kg]: 33<br \/>\nSpalvos: juoda, kremonos \u0105\u017euolas<\/p>","protected":false},"featured_media":225483,"comment_status":"open","ping_status":"open","template":"","meta":[],"product_brand":[],"product_cat":[8386,1175],"product_tag":[],"class_list":{"0":"post-225482","1":"product","2":"type-product","3":"status-publish","4":"has-post-thumbnail","6":"product_cat-meblocross","7":"product_cat-tv-stands","9":"first","10":"instock","11":"purchasable","12":"product-type-simple"},"_links":{"self":[{"href":"https:\/\/baldumarket.lt\/lt\/wp-json\/wp\/v2\/product\/225482","targetHints":{"allow":["GET"]}}],"collection":[{"href":"https:\/\/baldumarket.lt\/lt\/wp-json\/wp\/v2\/product"}],"about":[{"href":"https:\/\/baldumarket.lt\/lt\/wp-json\/wp\/v2\/types\/product"}],"replies":[{"embeddable":true,"href":"https:\/\/baldumarket.lt\/lt\/wp-json\/wp\/v2\/comments?post=225482"}],"wp:featuredmedia":[{"embeddable":true,"href":"https:\/\/baldumarket.lt\/lt\/wp-json\/wp\/v2\/media\/225483"}],"wp:attachment":[{"href":"https:\/\/baldumarket.lt\/lt\/wp-json\/wp\/v2\/media?parent=225482"}],"wp:term":[{"taxonomy":"product_brand","embeddable":true,"href":"https:\/\/baldumarket.lt\/lt\/wp-json\/wp\/v2\/product_brand?post=225482"},{"taxonomy":"product_cat","embeddable":true,"href":"https:\/\/baldumarket.lt\/lt\/wp-json\/wp\/v2\/product_cat?post=225482"},{"taxonomy":"product_tag","embeddable":true,"href":"https:\/\/baldumarket.lt\/lt\/wp-json\/wp\/v2\/product_tag?post=225482"}],"curies":[{"name":"wp","href":"https:\/\/api.w.org\/{rel}","templated":true}]}}