{"id":225458,"date":"2025-12-28T04:23:14","date_gmt":"2025-12-28T01:23:14","guid":{"rendered":"https:\/\/baldumarket.lt\/product\/meble-gaves-13-komoda-stolik-szafka-rtv-loft-do-salonu-dab-cremona-czarny\/"},"modified":"2026-02-11T18:37:51","modified_gmt":"2026-02-11T15:37:51","slug":"meble-gaves-13-komoda-stolik-szafka-rtv-loft-do-salonu-dab-cremona-czarny","status":"publish","type":"product","link":"https:\/\/baldumarket.lt\/lt\/product\/meble-gaves-13-komoda-stolik-szafka-rtv-loft-do-salonu-dab-cremona-czarny\/","title":{"rendered":"GAVES 13 bald\u0173 komoda, stalas, TV spintel\u0117, pal\u0117p\u0117 svetainei, kremonos \u0105\u017euolas, juodas"},"content":{"rendered":"<p>GAVES 13 2-D televizoriaus stovas<br \/>\nSpalva: Kremonos \u0105\u017euolas \/ juoda<\/p>","protected":false},"excerpt":{"rendered":"<p>Plotis [cm]: 150<br \/>\nAuk\u0161tis [cm]: 60<br \/>\nGylis [cm]: 42<br \/>\nSvoris [kg]: 35<br \/>\nSpalvos: juoda, kremonos \u0105\u017euolas<\/p>","protected":false},"featured_media":225459,"comment_status":"open","ping_status":"open","template":"","meta":[],"product_brand":[],"product_cat":[8386,1175],"product_tag":[],"class_list":{"0":"post-225458","1":"product","2":"type-product","3":"status-publish","4":"has-post-thumbnail","6":"product_cat-meblocross","7":"product_cat-tv-stands","9":"first","10":"instock","11":"purchasable","12":"product-type-simple"},"_links":{"self":[{"href":"https:\/\/baldumarket.lt\/lt\/wp-json\/wp\/v2\/product\/225458","targetHints":{"allow":["GET"]}}],"collection":[{"href":"https:\/\/baldumarket.lt\/lt\/wp-json\/wp\/v2\/product"}],"about":[{"href":"https:\/\/baldumarket.lt\/lt\/wp-json\/wp\/v2\/types\/product"}],"replies":[{"embeddable":true,"href":"https:\/\/baldumarket.lt\/lt\/wp-json\/wp\/v2\/comments?post=225458"}],"wp:featuredmedia":[{"embeddable":true,"href":"https:\/\/baldumarket.lt\/lt\/wp-json\/wp\/v2\/media\/225459"}],"wp:attachment":[{"href":"https:\/\/baldumarket.lt\/lt\/wp-json\/wp\/v2\/media?parent=225458"}],"wp:term":[{"taxonomy":"product_brand","embeddable":true,"href":"https:\/\/baldumarket.lt\/lt\/wp-json\/wp\/v2\/product_brand?post=225458"},{"taxonomy":"product_cat","embeddable":true,"href":"https:\/\/baldumarket.lt\/lt\/wp-json\/wp\/v2\/product_cat?post=225458"},{"taxonomy":"product_tag","embeddable":true,"href":"https:\/\/baldumarket.lt\/lt\/wp-json\/wp\/v2\/product_tag?post=225458"}],"curies":[{"name":"wp","href":"https:\/\/api.w.org\/{rel}","templated":true}]}}