{"id":225454,"date":"2025-12-28T04:23:04","date_gmt":"2025-12-28T01:23:04","guid":{"rendered":"https:\/\/baldumarket.lt\/product\/meble-gaves-13-komoda-stolik-szafka-rtv-loft-do-salonu-dab-endgrain-bialy\/"},"modified":"2026-02-11T18:37:52","modified_gmt":"2026-02-11T15:37:52","slug":"meble-gaves-13-komoda-stolik-szafka-rtv-loft-do-salonu-dab-endgrain-bialy","status":"publish","type":"product","link":"https:\/\/baldumarket.lt\/lt\/product\/meble-gaves-13-komoda-stolik-szafka-rtv-loft-do-salonu-dab-endgrain-bialy\/","title":{"rendered":"GAVES 13 bald\u0173 komoda, stalas, TV spintel\u0117, pal\u0117p\u0117s formos, svetain\u0117, \u0105\u017euolas, baltas"},"content":{"rendered":"<p>GAVES 13 2-D televizoriaus spintel\u0117<br \/>\nSpalva: Endgrain \u0105\u017euolas \/ balta<\/p>","protected":false},"excerpt":{"rendered":"<p>Plotis [cm]: 150<br \/>\nAuk\u0161tis [cm]: 60<br \/>\nGylis [cm]: 42<br \/>\nSvoris [kg]: 35<br \/>\nSpalvos: \u0105\u017euolo kra\u0161tai, balta<\/p>","protected":false},"featured_media":225455,"comment_status":"open","ping_status":"open","template":"","meta":[],"product_brand":[],"product_cat":[8386,1175],"product_tag":[],"class_list":{"0":"post-225454","1":"product","2":"type-product","3":"status-publish","4":"has-post-thumbnail","6":"product_cat-meblocross","7":"product_cat-tv-stands","9":"first","10":"instock","11":"purchasable","12":"product-type-simple"},"_links":{"self":[{"href":"https:\/\/baldumarket.lt\/lt\/wp-json\/wp\/v2\/product\/225454","targetHints":{"allow":["GET"]}}],"collection":[{"href":"https:\/\/baldumarket.lt\/lt\/wp-json\/wp\/v2\/product"}],"about":[{"href":"https:\/\/baldumarket.lt\/lt\/wp-json\/wp\/v2\/types\/product"}],"replies":[{"embeddable":true,"href":"https:\/\/baldumarket.lt\/lt\/wp-json\/wp\/v2\/comments?post=225454"}],"wp:featuredmedia":[{"embeddable":true,"href":"https:\/\/baldumarket.lt\/lt\/wp-json\/wp\/v2\/media\/225455"}],"wp:attachment":[{"href":"https:\/\/baldumarket.lt\/lt\/wp-json\/wp\/v2\/media?parent=225454"}],"wp:term":[{"taxonomy":"product_brand","embeddable":true,"href":"https:\/\/baldumarket.lt\/lt\/wp-json\/wp\/v2\/product_brand?post=225454"},{"taxonomy":"product_cat","embeddable":true,"href":"https:\/\/baldumarket.lt\/lt\/wp-json\/wp\/v2\/product_cat?post=225454"},{"taxonomy":"product_tag","embeddable":true,"href":"https:\/\/baldumarket.lt\/lt\/wp-json\/wp\/v2\/product_tag?post=225454"}],"curies":[{"name":"wp","href":"https:\/\/api.w.org\/{rel}","templated":true}]}}