{"id":225430,"date":"2025-12-28T04:22:14","date_gmt":"2025-12-28T01:22:14","guid":{"rendered":"https:\/\/baldumarket.lt\/product\/meble-gaves-14-szafa-z-drazkiem-polkami-do-przedpokoju-dab-endgrain-bialy\/"},"modified":"2026-02-11T18:37:52","modified_gmt":"2026-02-11T15:37:52","slug":"meble-gaves-14-szafa-z-drazkiem-polkami-do-przedpokoju-dab-endgrain-bialy","status":"publish","type":"product","link":"https:\/\/baldumarket.lt\/lt\/product\/meble-gaves-14-szafa-z-drazkiem-polkami-do-przedpokoju-dab-endgrain-bialy\/","title":{"rendered":"GAVES 14 spinta su strypu ir lentynomis prie\u0161kambariui, baltas \u0105\u017euolas su dry\u017eiais"},"content":{"rendered":"<p>GAVES 14 dviej\u0173 dur\u0173 spinta<br \/>\nSpalva: \u0105\u017euolo kra\u0161tai \/ balta<\/p>","protected":false},"excerpt":{"rendered":"<p>Plotis [cm]: 90<br \/>\nAuk\u0161tis [cm]: 190<br \/>\nGylis [cm]: 42<br \/>\nSvoris [kg]: 74<br \/>\nSpalvos: \u0105\u017euolo kra\u0161tai, balta<\/p>","protected":false},"featured_media":225431,"comment_status":"open","ping_status":"open","template":"","meta":[],"product_brand":[],"product_cat":[8386,1177],"product_tag":[],"class_list":{"0":"post-225430","1":"product","2":"type-product","3":"status-publish","4":"has-post-thumbnail","6":"product_cat-meblocross","7":"product_cat-wardrobes","9":"first","10":"instock","11":"purchasable","12":"product-type-simple"},"_links":{"self":[{"href":"https:\/\/baldumarket.lt\/lt\/wp-json\/wp\/v2\/product\/225430","targetHints":{"allow":["GET"]}}],"collection":[{"href":"https:\/\/baldumarket.lt\/lt\/wp-json\/wp\/v2\/product"}],"about":[{"href":"https:\/\/baldumarket.lt\/lt\/wp-json\/wp\/v2\/types\/product"}],"replies":[{"embeddable":true,"href":"https:\/\/baldumarket.lt\/lt\/wp-json\/wp\/v2\/comments?post=225430"}],"wp:featuredmedia":[{"embeddable":true,"href":"https:\/\/baldumarket.lt\/lt\/wp-json\/wp\/v2\/media\/225431"}],"wp:attachment":[{"href":"https:\/\/baldumarket.lt\/lt\/wp-json\/wp\/v2\/media?parent=225430"}],"wp:term":[{"taxonomy":"product_brand","embeddable":true,"href":"https:\/\/baldumarket.lt\/lt\/wp-json\/wp\/v2\/product_brand?post=225430"},{"taxonomy":"product_cat","embeddable":true,"href":"https:\/\/baldumarket.lt\/lt\/wp-json\/wp\/v2\/product_cat?post=225430"},{"taxonomy":"product_tag","embeddable":true,"href":"https:\/\/baldumarket.lt\/lt\/wp-json\/wp\/v2\/product_tag?post=225430"}],"curies":[{"name":"wp","href":"https:\/\/api.w.org\/{rel}","templated":true}]}}