{"id":225406,"date":"2025-12-28T04:21:24","date_gmt":"2025-12-28T01:21:24","guid":{"rendered":"https:\/\/baldumarket.lt\/product\/meble-gaves-15-szafka-polka-wiszaca-scienna-loft-dab-cremona-czarny\/"},"modified":"2026-02-11T18:37:53","modified_gmt":"2026-02-11T15:37:53","slug":"meble-gaves-15-szafka-polka-wiszaca-scienna-loft-dab-cremona-czarny","status":"publish","type":"product","link":"https:\/\/baldumarket.lt\/lt\/product\/meble-gaves-15-szafka-polka-wiszaca-scienna-loft-dab-cremona-czarny\/","title":{"rendered":"GAVES 15 baldai, sienin\u0117 lentyna, pal\u0117p\u0117, \u0105\u017euolas \u201eCremona\u201c, juoda"},"content":{"rendered":"<p>GAVES 15 pakabinama spintel\u0117 120 cm (1 1\/2 colio)<br \/>\nGalima montuoti kair\u0117je arba de\u0161in\u0117je pus\u0117je.<br \/>\nSpalva: Kremonos \u0105\u017euolas \/ juoda<\/p>","protected":false},"excerpt":{"rendered":"<p>Plotis [cm]: 120<br \/>\nAuk\u0161tis [cm]: 33<br \/>\nGylis [cm]: 32<br \/>\nSvoris [kg]: 15<br \/>\nSpalvos: juoda, kremonos \u0105\u017euolas<\/p>","protected":false},"featured_media":225407,"comment_status":"open","ping_status":"open","template":"","meta":[],"product_brand":[],"product_cat":[1174,8386],"product_tag":[],"class_list":{"0":"post-225406","1":"product","2":"type-product","3":"status-publish","4":"has-post-thumbnail","6":"product_cat-hanging-shelves","7":"product_cat-meblocross","9":"first","10":"instock","11":"purchasable","12":"product-type-simple"},"_links":{"self":[{"href":"https:\/\/baldumarket.lt\/lt\/wp-json\/wp\/v2\/product\/225406","targetHints":{"allow":["GET"]}}],"collection":[{"href":"https:\/\/baldumarket.lt\/lt\/wp-json\/wp\/v2\/product"}],"about":[{"href":"https:\/\/baldumarket.lt\/lt\/wp-json\/wp\/v2\/types\/product"}],"replies":[{"embeddable":true,"href":"https:\/\/baldumarket.lt\/lt\/wp-json\/wp\/v2\/comments?post=225406"}],"wp:featuredmedia":[{"embeddable":true,"href":"https:\/\/baldumarket.lt\/lt\/wp-json\/wp\/v2\/media\/225407"}],"wp:attachment":[{"href":"https:\/\/baldumarket.lt\/lt\/wp-json\/wp\/v2\/media?parent=225406"}],"wp:term":[{"taxonomy":"product_brand","embeddable":true,"href":"https:\/\/baldumarket.lt\/lt\/wp-json\/wp\/v2\/product_brand?post=225406"},{"taxonomy":"product_cat","embeddable":true,"href":"https:\/\/baldumarket.lt\/lt\/wp-json\/wp\/v2\/product_cat?post=225406"},{"taxonomy":"product_tag","embeddable":true,"href":"https:\/\/baldumarket.lt\/lt\/wp-json\/wp\/v2\/product_tag?post=225406"}],"curies":[{"name":"wp","href":"https:\/\/api.w.org\/{rel}","templated":true}]}}