{"id":225391,"date":"2025-12-28T04:20:50","date_gmt":"2025-12-28T01:20:50","guid":{"rendered":"https:\/\/baldumarket.lt\/product\/meble-gaves-16-szafka-polka-wiszaca-scienna-loft-bialy-czarny\/"},"modified":"2026-02-11T18:37:54","modified_gmt":"2026-02-11T15:37:54","slug":"meble-gaves-16-szafka-polka-wiszaca-scienna-loft-bialy-czarny","status":"publish","type":"product","link":"https:\/\/baldumarket.lt\/lt\/product\/meble-gaves-16-szafka-polka-wiszaca-scienna-loft-bialy-czarny\/","title":{"rendered":"GAVES 16 baldai, sienin\u0117 lentyna, pal\u0117p\u0117, balta, juoda"},"content":{"rendered":"<p>GAVES 16 Pakabinama spintel\u0117 150 cm 1d<br \/>\nGalima montuoti kair\u0117je arba de\u0161in\u0117je pus\u0117je.<br \/>\nSpalvos: balta\/juoda<\/p>","protected":false},"excerpt":{"rendered":"<p>Plotis [cm]: 150<br \/>\nAuk\u0161tis [cm]: 33<br \/>\nGylis [cm]: 32<br \/>\nSvoris [kg]: 18<br \/>\nSpalvos: juoda, balta<\/p>","protected":false},"featured_media":225392,"comment_status":"open","ping_status":"open","template":"","meta":[],"product_brand":[],"product_cat":[1174,8386],"product_tag":[],"class_list":{"0":"post-225391","1":"product","2":"type-product","3":"status-publish","4":"has-post-thumbnail","6":"product_cat-hanging-shelves","7":"product_cat-meblocross","9":"first","10":"instock","11":"purchasable","12":"product-type-simple"},"_links":{"self":[{"href":"https:\/\/baldumarket.lt\/lt\/wp-json\/wp\/v2\/product\/225391","targetHints":{"allow":["GET"]}}],"collection":[{"href":"https:\/\/baldumarket.lt\/lt\/wp-json\/wp\/v2\/product"}],"about":[{"href":"https:\/\/baldumarket.lt\/lt\/wp-json\/wp\/v2\/types\/product"}],"replies":[{"embeddable":true,"href":"https:\/\/baldumarket.lt\/lt\/wp-json\/wp\/v2\/comments?post=225391"}],"wp:featuredmedia":[{"embeddable":true,"href":"https:\/\/baldumarket.lt\/lt\/wp-json\/wp\/v2\/media\/225392"}],"wp:attachment":[{"href":"https:\/\/baldumarket.lt\/lt\/wp-json\/wp\/v2\/media?parent=225391"}],"wp:term":[{"taxonomy":"product_brand","embeddable":true,"href":"https:\/\/baldumarket.lt\/lt\/wp-json\/wp\/v2\/product_brand?post=225391"},{"taxonomy":"product_cat","embeddable":true,"href":"https:\/\/baldumarket.lt\/lt\/wp-json\/wp\/v2\/product_cat?post=225391"},{"taxonomy":"product_tag","embeddable":true,"href":"https:\/\/baldumarket.lt\/lt\/wp-json\/wp\/v2\/product_tag?post=225391"}],"curies":[{"name":"wp","href":"https:\/\/api.w.org\/{rel}","templated":true}]}}