{"id":225360,"date":"2025-12-28T04:19:34","date_gmt":"2025-12-28T01:19:34","guid":{"rendered":"https:\/\/baldumarket.lt\/product\/meble-hey-1-zestaw-mlodziezowy-mebloscianka\/"},"modified":"2026-02-11T18:37:54","modified_gmt":"2026-02-11T15:37:54","slug":"meble-hey-1-zestaw-mlodziezowy-mebloscianka","status":"publish","type":"product","link":"https:\/\/baldumarket.lt\/lt\/product\/meble-hey-1-zestaw-mlodziezowy-mebloscianka\/","title":{"rendered":"HEY baldai #1 jaunimo komplektas sienin\u0117 spintel\u0117"},"content":{"rendered":"<p>HEY 1 rinkinys<br \/>\n\u012e rinkin\u012f \u012feina:<br \/>\n\u2013 HEY _04 stalas 125 cm<br \/>\n\u2013 HEY _10 lova be \u010diu\u017einio<br \/>\n\u2013 HEY _11 lentyna<br \/>\n\u2013 HEY _12 knyg\u0173 lentyna 45 cm<br \/>\n\u2013 HEY _19 naktinis staliukas<br \/>\n\u2013 HEY _20 spinta 95 cm<br \/>\nGalimos spalvos:<br \/>\n1. Artisan \u0105\u017euolas \/ baltas \/ violetinis<br \/>\n2. Artisan \u0105\u017euolas \/ balta \/ grafitas<br \/>\n3. Artisan \u0105\u017euolas \/ baltas \/ m\u0117lynas<br \/>\n4. Artisan \u0105\u017euolas \/ baltas \/ \u017ealias<br \/>\n5. Artisan \u0105\u017euolas \/ baltas \/ geltonas<\/p>","protected":false},"excerpt":{"rendered":"<p>HEY komplektas 1 Komplekt\u0105 sudaro: \u2013 HEY _04 ra\u0161omasis stalas 125 cm \u2013 HEY _10 lova be \u010diu\u017einio \u2013 HEY _11 lentyna \u2013 HEY _12 knyg\u0173 lentyna 45 cm \u2013 HEY _19 naktinis staliukas \u2013 HEY _20 spinta 95 cm Galimos spalvos: 1. Artisan \u0105\u017euolas \/ balta \/ violetin\u0117 2. Artisan \u0105\u017euolas \/ balta \/ grafito 3. [\u2026]<\/p>","protected":false},"featured_media":225361,"comment_status":"open","ping_status":"open","template":"","meta":[],"product_brand":[],"product_cat":[8386,2008],"product_tag":[],"class_list":{"0":"post-225360","1":"product","2":"type-product","3":"status-publish","4":"has-post-thumbnail","6":"product_cat-meblocross","7":"product_cat-wall-units","9":"first","10":"instock","11":"purchasable","12":"product-type-simple"},"_links":{"self":[{"href":"https:\/\/baldumarket.lt\/lt\/wp-json\/wp\/v2\/product\/225360","targetHints":{"allow":["GET"]}}],"collection":[{"href":"https:\/\/baldumarket.lt\/lt\/wp-json\/wp\/v2\/product"}],"about":[{"href":"https:\/\/baldumarket.lt\/lt\/wp-json\/wp\/v2\/types\/product"}],"replies":[{"embeddable":true,"href":"https:\/\/baldumarket.lt\/lt\/wp-json\/wp\/v2\/comments?post=225360"}],"wp:featuredmedia":[{"embeddable":true,"href":"https:\/\/baldumarket.lt\/lt\/wp-json\/wp\/v2\/media\/225361"}],"wp:attachment":[{"href":"https:\/\/baldumarket.lt\/lt\/wp-json\/wp\/v2\/media?parent=225360"}],"wp:term":[{"taxonomy":"product_brand","embeddable":true,"href":"https:\/\/baldumarket.lt\/lt\/wp-json\/wp\/v2\/product_brand?post=225360"},{"taxonomy":"product_cat","embeddable":true,"href":"https:\/\/baldumarket.lt\/lt\/wp-json\/wp\/v2\/product_cat?post=225360"},{"taxonomy":"product_tag","embeddable":true,"href":"https:\/\/baldumarket.lt\/lt\/wp-json\/wp\/v2\/product_tag?post=225360"}],"curies":[{"name":"wp","href":"https:\/\/api.w.org\/{rel}","templated":true}]}}