{"id":225354,"date":"2025-12-28T04:19:21","date_gmt":"2025-12-28T01:19:21","guid":{"rendered":"https:\/\/baldumarket.lt\/product\/meble-hey-2-zestaw-mlodziezowy-mebloscianka\/"},"modified":"2026-02-11T18:37:54","modified_gmt":"2026-02-11T15:37:54","slug":"meble-hey-2-zestaw-mlodziezowy-mebloscianka","status":"publish","type":"product","link":"https:\/\/baldumarket.lt\/lt\/product\/meble-hey-2-zestaw-mlodziezowy-mebloscianka\/","title":{"rendered":"HEY baldai #2 jaunimo komplektas sienin\u0117 spintel\u0117"},"content":{"rendered":"<p>HEY 2 rinkinys<br \/>\n\u012e rinkin\u012f \u012feina:<br \/>\n\u2013 HEY _02 45W komoda<br \/>\n\u2013 HEY _03 105W stalas<br \/>\n\u2013 HEY _09 125W komoda<br \/>\n\u2013 HEY _13 45W lentyna<br \/>\n\u2013 HEY _18 95W lentyna<br \/>\n\u2013 HEY _22 95 W prie sienos pakabinama spintel\u0117<br \/>\nGalimos spalvos:<br \/>\n1. Artisan \u0105\u017euolas \/ baltas \/ violetinis<br \/>\n2. Artisan \u0105\u017euolas \/ balta \/ grafitas<br \/>\n3. Artisan \u0105\u017euolas \/ balta \/ m\u0117lyna<br \/>\n4. Artisan \u0105\u017euolas \/ balta \/ \u017ealia<br \/>\n5. Artisan \u0105\u017euolas \/ baltas \/ geltonas<\/p>","protected":false},"excerpt":{"rendered":"<p>HEY 2 komplektas Komplekt\u0105 sudaro: \u2013 HEY _02 45W komoda \u2013 HEY _03 105W ra\u0161omasis stalas \u2013 HEY _09 125W komoda \u2013 HEY _13 45W lentyna \u2013 HEY _18 95W lentyna \u2013 HEY _22 95W pakabinama spintel\u0117 Galimos spalvos: 1. Artisan Oak \/ balta \/ violetin\u0117 2. Artisan Oak [\u2026]<\/p>","protected":false},"featured_media":225355,"comment_status":"open","ping_status":"open","template":"","meta":[],"product_brand":[],"product_cat":[8386,2008],"product_tag":[],"class_list":{"0":"post-225354","1":"product","2":"type-product","3":"status-publish","4":"has-post-thumbnail","6":"product_cat-meblocross","7":"product_cat-wall-units","9":"first","10":"instock","11":"purchasable","12":"product-type-simple"},"_links":{"self":[{"href":"https:\/\/baldumarket.lt\/lt\/wp-json\/wp\/v2\/product\/225354","targetHints":{"allow":["GET"]}}],"collection":[{"href":"https:\/\/baldumarket.lt\/lt\/wp-json\/wp\/v2\/product"}],"about":[{"href":"https:\/\/baldumarket.lt\/lt\/wp-json\/wp\/v2\/types\/product"}],"replies":[{"embeddable":true,"href":"https:\/\/baldumarket.lt\/lt\/wp-json\/wp\/v2\/comments?post=225354"}],"wp:featuredmedia":[{"embeddable":true,"href":"https:\/\/baldumarket.lt\/lt\/wp-json\/wp\/v2\/media\/225355"}],"wp:attachment":[{"href":"https:\/\/baldumarket.lt\/lt\/wp-json\/wp\/v2\/media?parent=225354"}],"wp:term":[{"taxonomy":"product_brand","embeddable":true,"href":"https:\/\/baldumarket.lt\/lt\/wp-json\/wp\/v2\/product_brand?post=225354"},{"taxonomy":"product_cat","embeddable":true,"href":"https:\/\/baldumarket.lt\/lt\/wp-json\/wp\/v2\/product_cat?post=225354"},{"taxonomy":"product_tag","embeddable":true,"href":"https:\/\/baldumarket.lt\/lt\/wp-json\/wp\/v2\/product_tag?post=225354"}],"curies":[{"name":"wp","href":"https:\/\/api.w.org\/{rel}","templated":true}]}}