{"id":225344,"date":"2025-12-28T04:19:03","date_gmt":"2025-12-28T01:19:03","guid":{"rendered":"https:\/\/baldumarket.lt\/product\/meble-hey-5-zestaw-mlodziezowy-mebloscianka\/"},"modified":"2026-02-11T18:37:54","modified_gmt":"2026-02-11T15:37:54","slug":"meble-hey-5-zestaw-mlodziezowy-mebloscianka","status":"publish","type":"product","link":"https:\/\/baldumarket.lt\/lt\/product\/meble-hey-5-zestaw-mlodziezowy-mebloscianka\/","title":{"rendered":"HEY baldai #5 jaunimo komplektas sienin\u0117 spintel\u0117"},"content":{"rendered":"<p>HEY 5 rinkinys<br \/>\n\u012e rinkin\u012f \u012feina:<br \/>\n\u2013 HEY _05 Papildoma lova 30\u2033<br \/>\n\u2013 HEY _10 Lova be \u010diu\u017einio<br \/>\n\u2013 HEY _11 lentyna<br \/>\n\u2013 HEY _06 Drabu\u017ein\u0117 su papildoma lova, 33 coliai<br \/>\n\u2013 HEY _21 Drabu\u017ein\u0117 155\u2033<br \/>\nGalimos spalvos:<br \/>\n1. Artisan \u0105\u017euolas \/ baltas \/ violetinis<br \/>\n2. Artisan \u0105\u017euolas \/ balta \/ grafitas<br \/>\n3. Artisan \u0105\u017euolas \/ balta \/ m\u0117lyna<br \/>\n4. Artisan \u0105\u017euolas \/ balta \/ \u017ealia<br \/>\n5. Artisan \u0105\u017euolas \/ baltas \/ geltonas<\/p>","protected":false},"excerpt":{"rendered":"<p>HEY komplektas 5 Komplekt\u0105 sudaro: \u2013 HEY _05 Papildoma lova 30\u2033 \u2013 HEY _10 Lova be \u010diu\u017einio \u2013 HEY _11 Lentyna \u2013 HEY _06 Spinta Papildoma lova 33\u2033 \u2013 HEY _21 Spinta 155\u2033 Galimos spalvos: 1. Artisan Oak \/ balta \/ violetin\u0117 2. Artisan Oak \/ balta \/ grafito 3. Artisan Oak \/ balta [\u2026]<\/p>","protected":false},"featured_media":225345,"comment_status":"open","ping_status":"open","template":"","meta":[],"product_brand":[],"product_cat":[8386,2008],"product_tag":[],"class_list":{"0":"post-225344","1":"product","2":"type-product","3":"status-publish","4":"has-post-thumbnail","6":"product_cat-meblocross","7":"product_cat-wall-units","9":"first","10":"instock","11":"purchasable","12":"product-type-simple"},"_links":{"self":[{"href":"https:\/\/baldumarket.lt\/lt\/wp-json\/wp\/v2\/product\/225344","targetHints":{"allow":["GET"]}}],"collection":[{"href":"https:\/\/baldumarket.lt\/lt\/wp-json\/wp\/v2\/product"}],"about":[{"href":"https:\/\/baldumarket.lt\/lt\/wp-json\/wp\/v2\/types\/product"}],"replies":[{"embeddable":true,"href":"https:\/\/baldumarket.lt\/lt\/wp-json\/wp\/v2\/comments?post=225344"}],"wp:featuredmedia":[{"embeddable":true,"href":"https:\/\/baldumarket.lt\/lt\/wp-json\/wp\/v2\/media\/225345"}],"wp:attachment":[{"href":"https:\/\/baldumarket.lt\/lt\/wp-json\/wp\/v2\/media?parent=225344"}],"wp:term":[{"taxonomy":"product_brand","embeddable":true,"href":"https:\/\/baldumarket.lt\/lt\/wp-json\/wp\/v2\/product_brand?post=225344"},{"taxonomy":"product_cat","embeddable":true,"href":"https:\/\/baldumarket.lt\/lt\/wp-json\/wp\/v2\/product_cat?post=225344"},{"taxonomy":"product_tag","embeddable":true,"href":"https:\/\/baldumarket.lt\/lt\/wp-json\/wp\/v2\/product_tag?post=225344"}],"curies":[{"name":"wp","href":"https:\/\/api.w.org\/{rel}","templated":true}]}}