{"id":225190,"date":"2025-12-28T04:13:29","date_gmt":"2025-12-28T01:13:29","guid":{"rendered":"https:\/\/baldumarket.lt\/product\/meble-hey-_22-szafka-wiszaca-95\/"},"modified":"2026-02-11T18:37:56","modified_gmt":"2026-02-11T15:37:56","slug":"meble-hey-_22-szafka-wiszaca-95","status":"publish","type":"product","link":"https:\/\/baldumarket.lt\/lt\/product\/meble-hey-_22-szafka-wiszaca-95\/","title":{"rendered":"HEY baldai _22 pakabinama spintel\u0117 95"},"content":{"rendered":"<p>HEY 22 prie sienos montuojama spintel\u0117 95 coli\u0173<br \/>\nUniversalus montavimas.<br \/>\nGalimos spalvos:<br \/>\n1. Artisan \u0105\u017euolas \/ baltas \/ violetinis<br \/>\n2. Artisan \u0105\u017euolas \/ balta \/ grafitas<br \/>\n3. Artisan \u0105\u017euolas \/ balta \/ m\u0117lyna<br \/>\n4. Artisan \u0105\u017euolas \/ balta \/ \u017ealia<br \/>\n5. Artisan \u0105\u017euolas \/ baltas \/ geltonas<\/p>","protected":false},"excerpt":{"rendered":"<p>Plotis [cm]: 95<br \/>\nAuk\u0161tis [cm]: 31<br \/>\nGylis [cm]: 29<br \/>\nSvoris [kg]: 12<\/p>","protected":false},"featured_media":225191,"comment_status":"open","ping_status":"open","template":"","meta":[],"product_brand":[],"product_cat":[1174,8386],"product_tag":[],"class_list":{"0":"post-225190","1":"product","2":"type-product","3":"status-publish","4":"has-post-thumbnail","6":"product_cat-hanging-shelves","7":"product_cat-meblocross","9":"first","10":"instock","11":"purchasable","12":"product-type-simple"},"_links":{"self":[{"href":"https:\/\/baldumarket.lt\/lt\/wp-json\/wp\/v2\/product\/225190","targetHints":{"allow":["GET"]}}],"collection":[{"href":"https:\/\/baldumarket.lt\/lt\/wp-json\/wp\/v2\/product"}],"about":[{"href":"https:\/\/baldumarket.lt\/lt\/wp-json\/wp\/v2\/types\/product"}],"replies":[{"embeddable":true,"href":"https:\/\/baldumarket.lt\/lt\/wp-json\/wp\/v2\/comments?post=225190"}],"wp:featuredmedia":[{"embeddable":true,"href":"https:\/\/baldumarket.lt\/lt\/wp-json\/wp\/v2\/media\/225191"}],"wp:attachment":[{"href":"https:\/\/baldumarket.lt\/lt\/wp-json\/wp\/v2\/media?parent=225190"}],"wp:term":[{"taxonomy":"product_brand","embeddable":true,"href":"https:\/\/baldumarket.lt\/lt\/wp-json\/wp\/v2\/product_brand?post=225190"},{"taxonomy":"product_cat","embeddable":true,"href":"https:\/\/baldumarket.lt\/lt\/wp-json\/wp\/v2\/product_cat?post=225190"},{"taxonomy":"product_tag","embeddable":true,"href":"https:\/\/baldumarket.lt\/lt\/wp-json\/wp\/v2\/product_tag?post=225190"}],"curies":[{"name":"wp","href":"https:\/\/api.w.org\/{rel}","templated":true}]}}