{"id":225183,"date":"2025-12-28T04:13:15","date_gmt":"2025-12-28T01:13:15","guid":{"rendered":"https:\/\/baldumarket.lt\/product\/meble-kerk-1-zestaw-pokojowy-mebloscianka\/"},"modified":"2026-02-11T18:37:56","modified_gmt":"2026-02-11T15:37:56","slug":"meble-kerk-1-zestaw-pokojowy-mebloscianka","status":"publish","type":"product","link":"https:\/\/baldumarket.lt\/lt\/product\/meble-kerk-1-zestaw-pokojowy-mebloscianka\/","title":{"rendered":"KERK bald\u0173 komplektas Nr. 1, sienin\u0117 svetain\u0117s spintel\u0117"},"content":{"rendered":"<p>KERK 1 rinkinys<br \/>\n\u012e komplekt\u0105 \u012feina: KERK 04 60 coli\u0173 1 dur\u0173 knyg\u0173 spinta [60\/196\/39], KERK 09 televizoriaus stovas [120\/196\/39], KERK 08 80 coli\u0173 2 dur\u0173 knyg\u0173 spinta [80\/196\/39], KERK 03 d\u0117klas KERK 02 kavos staliukas [120\/50\/60]<br \/>\nBaldai pagaminti i\u0161 16 mm ir 25 mm storio med\u017eio dro\u017eli\u0173 plok\u0161t\u0117s su ABS kra\u0161tais. Stal\u010diai ir durel\u0117s turi \u0161velnaus u\u017edarymo sistem\u0105.<br \/>\nSpalv\u0173 variantai: balta \/ blizgi juoda, baltas \u0105\u017euolas \/ grafitas, baltas \u0105\u017euolas \/ auksinis \u0105\u017euolas, \u0161viesus Sonoma \u0105\u017euolas \/ blizgi balta, tabako \u0105\u017euolas \/ baltas \u0105\u017euolas, bordo \u0105\u017euolas \/ blizgi balta<\/p>","protected":false},"excerpt":{"rendered":"<p>KERK 1 komplektas Komplekt\u0105 sudaro: KERK 04 60 coli\u0173 1 dur\u0173 knyg\u0173 spinta [60\/196\/39], KERK 09 televizoriaus staliukas [120\/196\/39], KERK 08 80 coli\u0173 2 dur\u0173 knyg\u0173 spinta [80\/196\/39], KERK 03 60 coli\u0173 knyg\u0173 spinta [60\/196\/37], KERK 02 kavos staliukas [120\/50\/60]. Baldai pagaminti i\u0161 16 mm ir 25 mm storio med\u017eio dro\u017eli\u0173 plok\u0161t\u0117s su ABS kra\u0161tais. Stal\u010diai ir durel\u0117s turi \u0161velnaus u\u017edarymo sistem\u0105. Spalv\u0173 variantai: [\u2026]<\/p>","protected":false},"featured_media":225184,"comment_status":"open","ping_status":"open","template":"","meta":[],"product_brand":[],"product_cat":[8386,2008],"product_tag":[],"class_list":{"0":"post-225183","1":"product","2":"type-product","3":"status-publish","4":"has-post-thumbnail","6":"product_cat-meblocross","7":"product_cat-wall-units","9":"first","10":"instock","11":"purchasable","12":"product-type-simple"},"_links":{"self":[{"href":"https:\/\/baldumarket.lt\/lt\/wp-json\/wp\/v2\/product\/225183","targetHints":{"allow":["GET"]}}],"collection":[{"href":"https:\/\/baldumarket.lt\/lt\/wp-json\/wp\/v2\/product"}],"about":[{"href":"https:\/\/baldumarket.lt\/lt\/wp-json\/wp\/v2\/types\/product"}],"replies":[{"embeddable":true,"href":"https:\/\/baldumarket.lt\/lt\/wp-json\/wp\/v2\/comments?post=225183"}],"wp:featuredmedia":[{"embeddable":true,"href":"https:\/\/baldumarket.lt\/lt\/wp-json\/wp\/v2\/media\/225184"}],"wp:attachment":[{"href":"https:\/\/baldumarket.lt\/lt\/wp-json\/wp\/v2\/media?parent=225183"}],"wp:term":[{"taxonomy":"product_brand","embeddable":true,"href":"https:\/\/baldumarket.lt\/lt\/wp-json\/wp\/v2\/product_brand?post=225183"},{"taxonomy":"product_cat","embeddable":true,"href":"https:\/\/baldumarket.lt\/lt\/wp-json\/wp\/v2\/product_cat?post=225183"},{"taxonomy":"product_tag","embeddable":true,"href":"https:\/\/baldumarket.lt\/lt\/wp-json\/wp\/v2\/product_tag?post=225183"}],"curies":[{"name":"wp","href":"https:\/\/api.w.org\/{rel}","templated":true}]}}