{"id":225175,"date":"2025-12-28T04:12:56","date_gmt":"2025-12-28T01:12:56","guid":{"rendered":"https:\/\/baldumarket.lt\/product\/meble-kerk-2-zestaw-mlodziezowy-mebloscianka\/"},"modified":"2026-02-11T18:37:56","modified_gmt":"2026-02-11T15:37:56","slug":"meble-kerk-2-zestaw-mlodziezowy-mebloscianka","status":"publish","type":"product","link":"https:\/\/baldumarket.lt\/lt\/product\/meble-kerk-2-zestaw-mlodziezowy-mebloscianka\/","title":{"rendered":"KERK bald\u0173 komplektas #2 jaunimui, sienin\u0117 spintel\u0117"},"content":{"rendered":"<p>KERK 2 rinkinys<br \/>\n\u012e rinkin\u012f \u012feina: KERK 05 60 vienet\u0173 2 dur\u0173 knyg\u0173 spinta [60\/196\/39], KERK 01 ra\u0161omasis stalas [100\/196\/50], KERK 08 80 vienet\u0173 2 dur\u0173 knyg\u0173 spinta [80\/196\/39], KERK unit 06\/19<br \/>\nBaldai pagaminti i\u0161 16 mm ir 25 mm storio med\u017eio dro\u017eli\u0173 plok\u0161t\u0117s su ABS kra\u0161tais. Stal\u010diai ir durel\u0117s turi \u0161velnaus u\u017edarymo sistem\u0105.<br \/>\nSpalv\u0173 variantai: balta \/ blizgi juoda, baltas \u0105\u017euolas \/ grafitas, baltas \u0105\u017euolas \/ auksinis \u0105\u017euolas, \u0161viesus Sonoma \u0105\u017euolas \/ blizgi balta, tabako \u0105\u017euolas \/ baltas \u0105\u017euolas, bordo \u0105\u017euolas \/ blizgi balta<\/p>","protected":false},"excerpt":{"rendered":"<p>KERK 2 komplektas Komplekt\u0105 sudaro: KERK 05 60 viet\u0173 2 dur\u0173 knyg\u0173 lentyna [60\/196\/39], KERK 01 ra\u0161omasis stalas [100\/196\/50], KERK 08 80 viet\u0173 2 dur\u0173 knyg\u0173 lentyna [80\/196\/39], KERK 06 80 viet\u0173 knyg\u0173 lentyna [80\/196\/37]. Baldai pagaminti i\u0161 16 mm ir 25 mm storio med\u017eio dro\u017eli\u0173 plok\u0161t\u0117s su ABS kra\u0161tais. Stal\u010diai ir durel\u0117s turi \u0161velnaus u\u017edarymo sistem\u0105. Spalv\u0173 variantai: balta \/ blizgi juoda, balta [\u2026]<\/p>","protected":false},"featured_media":225176,"comment_status":"open","ping_status":"open","template":"","meta":[],"product_brand":[],"product_cat":[8386,2008],"product_tag":[],"class_list":{"0":"post-225175","1":"product","2":"type-product","3":"status-publish","4":"has-post-thumbnail","6":"product_cat-meblocross","7":"product_cat-wall-units","9":"first","10":"instock","11":"purchasable","12":"product-type-simple"},"_links":{"self":[{"href":"https:\/\/baldumarket.lt\/lt\/wp-json\/wp\/v2\/product\/225175","targetHints":{"allow":["GET"]}}],"collection":[{"href":"https:\/\/baldumarket.lt\/lt\/wp-json\/wp\/v2\/product"}],"about":[{"href":"https:\/\/baldumarket.lt\/lt\/wp-json\/wp\/v2\/types\/product"}],"replies":[{"embeddable":true,"href":"https:\/\/baldumarket.lt\/lt\/wp-json\/wp\/v2\/comments?post=225175"}],"wp:featuredmedia":[{"embeddable":true,"href":"https:\/\/baldumarket.lt\/lt\/wp-json\/wp\/v2\/media\/225176"}],"wp:attachment":[{"href":"https:\/\/baldumarket.lt\/lt\/wp-json\/wp\/v2\/media?parent=225175"}],"wp:term":[{"taxonomy":"product_brand","embeddable":true,"href":"https:\/\/baldumarket.lt\/lt\/wp-json\/wp\/v2\/product_brand?post=225175"},{"taxonomy":"product_cat","embeddable":true,"href":"https:\/\/baldumarket.lt\/lt\/wp-json\/wp\/v2\/product_cat?post=225175"},{"taxonomy":"product_tag","embeddable":true,"href":"https:\/\/baldumarket.lt\/lt\/wp-json\/wp\/v2\/product_tag?post=225175"}],"curies":[{"name":"wp","href":"https:\/\/api.w.org\/{rel}","templated":true}]}}