{"id":225167,"date":"2025-12-28T04:12:41","date_gmt":"2025-12-28T01:12:41","guid":{"rendered":"https:\/\/baldumarket.lt\/product\/meble-kerk-3-zestaw-pokojowy-mebloscianka\/"},"modified":"2026-02-11T18:37:56","modified_gmt":"2026-02-11T15:37:56","slug":"meble-kerk-3-zestaw-pokojowy-mebloscianka","status":"publish","type":"product","link":"https:\/\/baldumarket.lt\/lt\/product\/meble-kerk-3-zestaw-pokojowy-mebloscianka\/","title":{"rendered":"KERK baldai #3 svetain\u0117s komplektas su sienine spintele"},"content":{"rendered":"<p>KERK rinkinys 3<br \/>\n\u012e komplekt\u0105 \u012feina: TV stovas KERK 09 [120\/196\/39], ra\u0161omasis stalas KERK 01 [100\/196\/50], KERK 04 60 1D lentyna [60\/196\/39], palt\u0173 kabykla KERK 10 [100\/196\/39], 5\/0 KERK 10 20<br \/>\nBaldai pagaminti i\u0161 16 mm ir 25 mm storio med\u017eio dro\u017eli\u0173 plok\u0161t\u0117s su ABS apvadais. Stal\u010diai ir durel\u0117s turi \u0161velnaus u\u017edarymo sistem\u0105. Sistemos spalv\u0173 variantai: balta \/ blizgi juoda, baltas \u0105\u017euolas \/ grafito spalvos, baltas \u0105\u017euolas \/ auksinis \u0105\u017euolas, \u0161viesus Sonoma \u0105\u017euolas \/ blizgi balta, tabako spalvos \u0105\u017euolas \/ baltas \u0105\u017euolas, bordo \u0105\u017euolas \/ blizgi balta.<\/p>","protected":false},"excerpt":{"rendered":"<p>KERK komplektas 3 Komplekt\u0105 sudaro: KERK 09 TV staliukas [120\/196\/39], KERK 01 ra\u0161omasis stalas [100\/196\/50], KERK 04 60 1D lentyna [60\/196\/39], KERK 10 kabykla paltams [100\/196\/39], KERK 02 kavos staliukas [120\/50\/60]. Baldai pagaminti i\u0161 16 mm ir 25 mm storio med\u017eio dro\u017eli\u0173 plok\u0161t\u0117s su ABS briaunomis. Stal\u010diai ir durel\u0117s turi \u0161velnaus u\u017edarymo sistem\u0105. Sistemos spalv\u0173 variantai: [\u2026]<\/p>","protected":false},"featured_media":225168,"comment_status":"open","ping_status":"open","template":"","meta":[],"product_brand":[],"product_cat":[8386,2008],"product_tag":[],"class_list":{"0":"post-225167","1":"product","2":"type-product","3":"status-publish","4":"has-post-thumbnail","6":"product_cat-meblocross","7":"product_cat-wall-units","9":"first","10":"instock","11":"purchasable","12":"product-type-simple"},"_links":{"self":[{"href":"https:\/\/baldumarket.lt\/lt\/wp-json\/wp\/v2\/product\/225167","targetHints":{"allow":["GET"]}}],"collection":[{"href":"https:\/\/baldumarket.lt\/lt\/wp-json\/wp\/v2\/product"}],"about":[{"href":"https:\/\/baldumarket.lt\/lt\/wp-json\/wp\/v2\/types\/product"}],"replies":[{"embeddable":true,"href":"https:\/\/baldumarket.lt\/lt\/wp-json\/wp\/v2\/comments?post=225167"}],"wp:featuredmedia":[{"embeddable":true,"href":"https:\/\/baldumarket.lt\/lt\/wp-json\/wp\/v2\/media\/225168"}],"wp:attachment":[{"href":"https:\/\/baldumarket.lt\/lt\/wp-json\/wp\/v2\/media?parent=225167"}],"wp:term":[{"taxonomy":"product_brand","embeddable":true,"href":"https:\/\/baldumarket.lt\/lt\/wp-json\/wp\/v2\/product_brand?post=225167"},{"taxonomy":"product_cat","embeddable":true,"href":"https:\/\/baldumarket.lt\/lt\/wp-json\/wp\/v2\/product_cat?post=225167"},{"taxonomy":"product_tag","embeddable":true,"href":"https:\/\/baldumarket.lt\/lt\/wp-json\/wp\/v2\/product_tag?post=225167"}],"curies":[{"name":"wp","href":"https:\/\/api.w.org\/{rel}","templated":true}]}}