{"id":225101,"date":"2025-12-28T04:10:10","date_gmt":"2025-12-28T01:10:10","guid":{"rendered":"https:\/\/baldumarket.lt\/product\/meble-kerk-06-regal-80\/"},"modified":"2026-02-11T18:37:57","modified_gmt":"2026-02-11T15:37:57","slug":"meble-kerk-06-regal-80","status":"publish","type":"product","link":"https:\/\/baldumarket.lt\/lt\/product\/meble-kerk-06-regal-80\/","title":{"rendered":"KERK 06 bald\u0173 lentyna 80"},"content":{"rendered":"<p>KERK 06 Lentyna 80<br \/>\nBaldai pagaminti i\u0161 16 mm ir 25 mm storio med\u017eio dro\u017eli\u0173 plok\u0161t\u0117s su ABS kra\u0161tais. Stal\u010diai ir durel\u0117s turi \u0161velnaus u\u017edarymo sistem\u0105. Spalv\u0173 variantai: balta \/ blizgi juoda, baltas \u0105\u017euolas \/ grafito spalvos, baltas \u0105\u017euolas \/ auksinis \u0105\u017euolas, \u0161viesus Sonoma \u0105\u017euolas \/ blizgi balta, tabako spalvos \u0105\u017euolas \/ baltas \u0105\u017euolas, bordo spalvos \u0105\u017euolas \/ blizgi balta.<\/p>","protected":false},"excerpt":{"rendered":"<p>Plotis [cm]: 80<br \/>\n\u016agis [cm]: 196<br \/>\nGylis [cm]: 37<br \/>\nSvoris [kg]: 24<\/p>","protected":false},"featured_media":225102,"comment_status":"open","ping_status":"open","template":"","meta":[],"product_brand":[],"product_cat":[8386,1987],"product_tag":[],"class_list":{"0":"post-225101","1":"product","2":"type-product","3":"status-publish","4":"has-post-thumbnail","6":"product_cat-meblocross","7":"product_cat-shelving-units","9":"first","10":"instock","11":"purchasable","12":"product-type-simple"},"_links":{"self":[{"href":"https:\/\/baldumarket.lt\/lt\/wp-json\/wp\/v2\/product\/225101","targetHints":{"allow":["GET"]}}],"collection":[{"href":"https:\/\/baldumarket.lt\/lt\/wp-json\/wp\/v2\/product"}],"about":[{"href":"https:\/\/baldumarket.lt\/lt\/wp-json\/wp\/v2\/types\/product"}],"replies":[{"embeddable":true,"href":"https:\/\/baldumarket.lt\/lt\/wp-json\/wp\/v2\/comments?post=225101"}],"wp:featuredmedia":[{"embeddable":true,"href":"https:\/\/baldumarket.lt\/lt\/wp-json\/wp\/v2\/media\/225102"}],"wp:attachment":[{"href":"https:\/\/baldumarket.lt\/lt\/wp-json\/wp\/v2\/media?parent=225101"}],"wp:term":[{"taxonomy":"product_brand","embeddable":true,"href":"https:\/\/baldumarket.lt\/lt\/wp-json\/wp\/v2\/product_brand?post=225101"},{"taxonomy":"product_cat","embeddable":true,"href":"https:\/\/baldumarket.lt\/lt\/wp-json\/wp\/v2\/product_cat?post=225101"},{"taxonomy":"product_tag","embeddable":true,"href":"https:\/\/baldumarket.lt\/lt\/wp-json\/wp\/v2\/product_tag?post=225101"}],"curies":[{"name":"wp","href":"https:\/\/api.w.org\/{rel}","templated":true}]}}