{"id":225047,"date":"2025-12-28T04:08:06","date_gmt":"2025-12-28T01:08:06","guid":{"rendered":"https:\/\/baldumarket.lt\/product\/meble-lars-2-zestaw-pokojowy-mebloscianka\/"},"modified":"2026-02-11T18:37:57","modified_gmt":"2026-02-11T15:37:57","slug":"meble-lars-2-zestaw-pokojowy-mebloscianka","status":"publish","type":"product","link":"https:\/\/baldumarket.lt\/lt\/product\/meble-lars-2-zestaw-pokojowy-mebloscianka\/","title":{"rendered":"LARS bald\u0173 komplektas Nr. 2 su sienine spintele"},"content":{"rendered":"<p>LARS 2 rinkinys<br \/>\n\u012e rinkin\u012f \u012feina:<br \/>\nLARS _04 lentyna<br \/>\nLARS _09 2 dur\u0173 televizoriaus staliukas<br \/>\nLARS _10 4 dur\u0173 spinta<br \/>\nLARS _11 1 dur\u0173 sienin\u0117 spintel\u0117<br \/>\nLARS _13 3 dur\u0173 vitrina<br \/>\nLARS _01 komoda su 1 durel\u0117mis<br \/>\nLARS _03 2 dur\u0173 kavos staliukas<br \/>\nSpalvos:<br \/>\n\u2013 Artisan \u0105\u017euolas \/ baltas \/ juodas<br \/>\n\u2013 Tabako dirbiniai i\u0161 \u0105\u017euolo \/ baltos \/ juodos spalvos<br \/>\n\u2013 Auksinis \u0105\u017euolas \/ balta \/ juoda<br \/>\n\u2013 Burgundi\u0161ko \u0105\u017euolo \/ baltos \/ juodos spalvos<br \/>\n\u2013 Sonoma \u0105\u017euolas \/ balta \/ juoda<br \/>\nLED ap\u0161vietim\u0105 (\u0161altai balt\u0105, \u0161iltai balt\u0105, m\u0117lyn\u0105) galima \u012fsigyti u\u017e 100 PLN.<\/p>","protected":false},"excerpt":{"rendered":"<p>LARS 2 komplektas Komplekt\u0105 sudaro: LARS _04 lentyna LARS _09 2 dur\u0173 TV staliukas LARS _10 4 dur\u0173 spinta LARS _11 1 dur\u0173 sienin\u0117 spintel\u0117 LARS _13 3 dur\u0173 vitrina LARS _01 1 dur\u0173 komoda LARS _03 2 dur\u0173 kavos staliukas Spalvos: \u2013 \u0105\u017euolas \u201eArtisan\u201c \/ balta \/ juoda \u2013 \u0105\u017euolas \u201eTobaco\u201c \/ balta \/ juoda [\u2026]<\/p>","protected":false},"featured_media":225048,"comment_status":"open","ping_status":"open","template":"","meta":[],"product_brand":[],"product_cat":[8386,2008],"product_tag":[],"class_list":{"0":"post-225047","1":"product","2":"type-product","3":"status-publish","4":"has-post-thumbnail","6":"product_cat-meblocross","7":"product_cat-wall-units","9":"first","10":"instock","11":"purchasable","12":"product-type-simple"},"_links":{"self":[{"href":"https:\/\/baldumarket.lt\/lt\/wp-json\/wp\/v2\/product\/225047","targetHints":{"allow":["GET"]}}],"collection":[{"href":"https:\/\/baldumarket.lt\/lt\/wp-json\/wp\/v2\/product"}],"about":[{"href":"https:\/\/baldumarket.lt\/lt\/wp-json\/wp\/v2\/types\/product"}],"replies":[{"embeddable":true,"href":"https:\/\/baldumarket.lt\/lt\/wp-json\/wp\/v2\/comments?post=225047"}],"wp:featuredmedia":[{"embeddable":true,"href":"https:\/\/baldumarket.lt\/lt\/wp-json\/wp\/v2\/media\/225048"}],"wp:attachment":[{"href":"https:\/\/baldumarket.lt\/lt\/wp-json\/wp\/v2\/media?parent=225047"}],"wp:term":[{"taxonomy":"product_brand","embeddable":true,"href":"https:\/\/baldumarket.lt\/lt\/wp-json\/wp\/v2\/product_brand?post=225047"},{"taxonomy":"product_cat","embeddable":true,"href":"https:\/\/baldumarket.lt\/lt\/wp-json\/wp\/v2\/product_cat?post=225047"},{"taxonomy":"product_tag","embeddable":true,"href":"https:\/\/baldumarket.lt\/lt\/wp-json\/wp\/v2\/product_tag?post=225047"}],"curies":[{"name":"wp","href":"https:\/\/api.w.org\/{rel}","templated":true}]}}