{"id":225038,"date":"2025-12-28T04:07:48","date_gmt":"2025-12-28T01:07:48","guid":{"rendered":"https:\/\/baldumarket.lt\/product\/meble-lars-3-zestaw-pokojowy-mebloscianka\/"},"modified":"2026-02-11T18:37:57","modified_gmt":"2026-02-11T15:37:57","slug":"meble-lars-3-zestaw-pokojowy-mebloscianka","status":"publish","type":"product","link":"https:\/\/baldumarket.lt\/lt\/product\/meble-lars-3-zestaw-pokojowy-mebloscianka\/","title":{"rendered":"LARS baldai #3 svetain\u0117s komplektas su sienine spintele"},"content":{"rendered":"<p>LARS rinkinys 3 vnt.<br \/>\n\u012e rinkin\u012f \u012feina:<br \/>\nLARS _01 Komoda (1 dur\u0173, 2 dur\u0173)<br \/>\nLARS _04 Lentyna<br \/>\nLARS _08 TV stovas (1 dur\u0173, 1 dur\u0173)<br \/>\nLARS _12 Vitrina (1 dur\u0173, 1 dur\u0173)<br \/>\nLARS _10 Spinta (4 dur\u0173)<br \/>\nSpalvos:<br \/>\n\u2013 Artisan \u0105\u017euolas \/ baltas \/ juodas<br \/>\n\u2013 Tobaco Craft \u0105\u017euolas \/ balta \/ juoda<br \/>\n\u2013 Auksinis \u0105\u017euolas \/ Balta \/ Juoda<br \/>\n\u2013 Burgundi\u0161ko \u0105\u017euolo \/ Baltos \/ Juodos spalvos<br \/>\n\u2013 Sonoma \u0105\u017euolas \/ balta \/ juoda<br \/>\nLED ap\u0161vietimas (\u0161altai balta, \u0161iltai balta, m\u0117lyna) galimas u\u017e papildomus 100 PLN.<\/p>","protected":false},"excerpt":{"rendered":"<p>LARS 3 vnt. rinkinys Komplekt\u0105 sudaro: LARS _01 Komoda (1 dur\u0173, 2 dur\u0173) LARS _04 Lentyna LARS _08 TV staliukas (1 dur\u0173, 1 dur\u0173) LARS _12 Vitrina (1 dur\u0173, 1 dur\u0173) LARS _10 Spinta (4 dur\u0173) Spalvos: \u2013 Artisan \u0105\u017euolas \/ balta \/ juoda \u2013 Tobaco \u0105\u017euolas \/ balta \/ juoda \u2013 Gold \u0105\u017euolas \/ balta [\u2026]<\/p>","protected":false},"featured_media":225039,"comment_status":"open","ping_status":"open","template":"","meta":[],"product_brand":[],"product_cat":[8386,2008],"product_tag":[],"class_list":{"0":"post-225038","1":"product","2":"type-product","3":"status-publish","4":"has-post-thumbnail","6":"product_cat-meblocross","7":"product_cat-wall-units","9":"first","10":"instock","11":"purchasable","12":"product-type-simple"},"_links":{"self":[{"href":"https:\/\/baldumarket.lt\/lt\/wp-json\/wp\/v2\/product\/225038","targetHints":{"allow":["GET"]}}],"collection":[{"href":"https:\/\/baldumarket.lt\/lt\/wp-json\/wp\/v2\/product"}],"about":[{"href":"https:\/\/baldumarket.lt\/lt\/wp-json\/wp\/v2\/types\/product"}],"replies":[{"embeddable":true,"href":"https:\/\/baldumarket.lt\/lt\/wp-json\/wp\/v2\/comments?post=225038"}],"wp:featuredmedia":[{"embeddable":true,"href":"https:\/\/baldumarket.lt\/lt\/wp-json\/wp\/v2\/media\/225039"}],"wp:attachment":[{"href":"https:\/\/baldumarket.lt\/lt\/wp-json\/wp\/v2\/media?parent=225038"}],"wp:term":[{"taxonomy":"product_brand","embeddable":true,"href":"https:\/\/baldumarket.lt\/lt\/wp-json\/wp\/v2\/product_brand?post=225038"},{"taxonomy":"product_cat","embeddable":true,"href":"https:\/\/baldumarket.lt\/lt\/wp-json\/wp\/v2\/product_cat?post=225038"},{"taxonomy":"product_tag","embeddable":true,"href":"https:\/\/baldumarket.lt\/lt\/wp-json\/wp\/v2\/product_tag?post=225038"}],"curies":[{"name":"wp","href":"https:\/\/api.w.org\/{rel}","templated":true}]}}