{"id":225029,"date":"2025-12-28T04:07:24","date_gmt":"2025-12-28T01:07:24","guid":{"rendered":"https:\/\/baldumarket.lt\/product\/meble-lars-4-zestaw-pokojowy-mebloscianka\/"},"modified":"2026-02-11T18:37:57","modified_gmt":"2026-02-11T15:37:57","slug":"meble-lars-4-zestaw-pokojowy-mebloscianka","status":"publish","type":"product","link":"https:\/\/baldumarket.lt\/lt\/product\/meble-lars-4-zestaw-pokojowy-mebloscianka\/","title":{"rendered":"LARS baldai #4 svetain\u0117s komplektas su sienine spintele"},"content":{"rendered":"<p>LARS rinkinys, 4 vnt.<br \/>\n\u012e rinkin\u012f \u012feina:<br \/>\nLARS _05 1 dureli\u0173 lentyna<br \/>\nLARS _07 3 dur\u0173 knyg\u0173 lentyna<br \/>\nLARS _08 1 dur\u0173 televizoriaus staliukas<br \/>\nLARS _13 3 dur\u0173 vitrina<br \/>\nLARS _02 komoda su dviem durimis<br \/>\nLARS _03 2 dur\u0173 kavos staliukas<br \/>\nSpalvos:<br \/>\n\u2013 Artisan \u0105\u017euolas \/ baltas \/ juodas<br \/>\n\u2013 Tabako dirbiniai i\u0161 \u0105\u017euolo \/ baltos \/ juodos spalvos<br \/>\n\u2013 Auksinis \u0105\u017euolas \/ balta \/ juoda<br \/>\n\u2013 Burgundi\u0161ko \u0105\u017euolo \/ baltos \/ juodos spalvos<br \/>\n\u2013 Sonoma \u0105\u017euolas \/ balta \/ juoda<br \/>\nLED ap\u0161vietimas (\u0161altai balta, \u0161iltai balta, m\u0117lyna) galimas u\u017e 100 PLN.<\/p>","protected":false},"excerpt":{"rendered":"<p>LARS 4 vnt. rinkinys Komplekt\u0105 sudaro: LARS _05 1 dur\u0173 lentyna LARS _07 3 dur\u0173 knyg\u0173 lentyna LARS _08 1 dur\u0173 TV staliukas LARS _13 3 dur\u0173 vitrina LARS _02 2 dur\u0173 komoda LARS _03 2 dur\u0173 kavos staliukas Spalvos: \u2013 \u0105\u017euolo imitacija \/ balta \/ juoda \u2013 \u0105\u017euolo imitacija \/ balta \/ juoda \u2013 \u0105\u017euolo imitacija \u201eGolden craft\u201c [\u2026]<\/p>","protected":false},"featured_media":225030,"comment_status":"open","ping_status":"open","template":"","meta":[],"product_brand":[],"product_cat":[8386,2008],"product_tag":[],"class_list":{"0":"post-225029","1":"product","2":"type-product","3":"status-publish","4":"has-post-thumbnail","6":"product_cat-meblocross","7":"product_cat-wall-units","9":"first","10":"instock","11":"purchasable","12":"product-type-simple"},"_links":{"self":[{"href":"https:\/\/baldumarket.lt\/lt\/wp-json\/wp\/v2\/product\/225029","targetHints":{"allow":["GET"]}}],"collection":[{"href":"https:\/\/baldumarket.lt\/lt\/wp-json\/wp\/v2\/product"}],"about":[{"href":"https:\/\/baldumarket.lt\/lt\/wp-json\/wp\/v2\/types\/product"}],"replies":[{"embeddable":true,"href":"https:\/\/baldumarket.lt\/lt\/wp-json\/wp\/v2\/comments?post=225029"}],"wp:featuredmedia":[{"embeddable":true,"href":"https:\/\/baldumarket.lt\/lt\/wp-json\/wp\/v2\/media\/225030"}],"wp:attachment":[{"href":"https:\/\/baldumarket.lt\/lt\/wp-json\/wp\/v2\/media?parent=225029"}],"wp:term":[{"taxonomy":"product_brand","embeddable":true,"href":"https:\/\/baldumarket.lt\/lt\/wp-json\/wp\/v2\/product_brand?post=225029"},{"taxonomy":"product_cat","embeddable":true,"href":"https:\/\/baldumarket.lt\/lt\/wp-json\/wp\/v2\/product_cat?post=225029"},{"taxonomy":"product_tag","embeddable":true,"href":"https:\/\/baldumarket.lt\/lt\/wp-json\/wp\/v2\/product_tag?post=225029"}],"curies":[{"name":"wp","href":"https:\/\/api.w.org\/{rel}","templated":true}]}}