{"id":224966,"date":"2025-12-28T04:05:04","date_gmt":"2025-12-28T01:05:04","guid":{"rendered":"https:\/\/baldumarket.lt\/product\/meble-lars-_06-przedpokoj-3d\/"},"modified":"2026-02-11T18:37:57","modified_gmt":"2026-02-11T15:37:57","slug":"meble-lars-_06-przedpokoj-3d","status":"publish","type":"product","link":"https:\/\/baldumarket.lt\/lt\/product\/meble-lars-_06-przedpokoj-3d\/","title":{"rendered":"LARS _06 baldai 3D prie\u0161kambaris"},"content":{"rendered":"<p>LARS _06 3D prie\u0161kambaris<br \/>\nSpalvos:<br \/>\n\u2013 Artisan \u0105\u017euolas \/ baltas \/ juodas<br \/>\n\u2013 Tobaco Craft \u0105\u017euolas \/ balta \/ juoda<br \/>\n\u2013 Auksinis \u0105\u017euolas \/ Balta \/ Juoda<br \/>\n\u2013 Burgundi\u0161ko \u0105\u017euolo \/ Baltos \/ Juodos spalvos<br \/>\n\u2013 Sonoma \u0105\u017euolas \/ balta \/ juoda<\/p>","protected":false},"excerpt":{"rendered":"<p>Plotis [cm]: 120<br \/>\nAuk\u0161tis [cm]: 195<br \/>\nGylis [cm]: 42<br \/>\nSvoris [kg]: 70<\/p>","protected":false},"featured_media":224967,"comment_status":"open","ping_status":"open","template":"","meta":[],"product_brand":[],"product_cat":[8386,1177],"product_tag":[],"class_list":{"0":"post-224966","1":"product","2":"type-product","3":"status-publish","4":"has-post-thumbnail","6":"product_cat-meblocross","7":"product_cat-wardrobes","9":"first","10":"instock","11":"purchasable","12":"product-type-simple"},"_links":{"self":[{"href":"https:\/\/baldumarket.lt\/lt\/wp-json\/wp\/v2\/product\/224966","targetHints":{"allow":["GET"]}}],"collection":[{"href":"https:\/\/baldumarket.lt\/lt\/wp-json\/wp\/v2\/product"}],"about":[{"href":"https:\/\/baldumarket.lt\/lt\/wp-json\/wp\/v2\/types\/product"}],"replies":[{"embeddable":true,"href":"https:\/\/baldumarket.lt\/lt\/wp-json\/wp\/v2\/comments?post=224966"}],"wp:featuredmedia":[{"embeddable":true,"href":"https:\/\/baldumarket.lt\/lt\/wp-json\/wp\/v2\/media\/224967"}],"wp:attachment":[{"href":"https:\/\/baldumarket.lt\/lt\/wp-json\/wp\/v2\/media?parent=224966"}],"wp:term":[{"taxonomy":"product_brand","embeddable":true,"href":"https:\/\/baldumarket.lt\/lt\/wp-json\/wp\/v2\/product_brand?post=224966"},{"taxonomy":"product_cat","embeddable":true,"href":"https:\/\/baldumarket.lt\/lt\/wp-json\/wp\/v2\/product_cat?post=224966"},{"taxonomy":"product_tag","embeddable":true,"href":"https:\/\/baldumarket.lt\/lt\/wp-json\/wp\/v2\/product_tag?post=224966"}],"curies":[{"name":"wp","href":"https:\/\/api.w.org\/{rel}","templated":true}]}}