{"id":224939,"date":"2025-12-28T04:03:58","date_gmt":"2025-12-28T01:03:58","guid":{"rendered":"https:\/\/baldumarket.lt\/product\/meble-lars-_09-stolik-rtv-2d1s\/"},"modified":"2026-02-11T18:37:58","modified_gmt":"2026-02-11T15:37:58","slug":"meble-lars-_09-stolik-rtv-2d1s","status":"publish","type":"product","link":"https:\/\/baldumarket.lt\/lt\/product\/meble-lars-_09-stolik-rtv-2d1s\/","title":{"rendered":"LARS baldai _09 TV staliukas 2d1s"},"content":{"rendered":"<p>LARS _09 TV staliukas su dviem stal\u010diais<br \/>\nSpalvos:<br \/>\n\u2013 Artisan \u0105\u017euolas \/ baltas \/ juodas<br \/>\n\u2013 Tabako dirbiniai i\u0161 \u0105\u017euolo \/ baltos \/ juodos spalvos<br \/>\n\u2013 Auksinis \u0105\u017euolas \/ balta \/ juoda<br \/>\n\u2013 Burgundi\u0161ko \u0105\u017euolo \/ baltos \/ juodos spalvos<br \/>\n\u2013 Sonoma \u0105\u017euolas \/ balta \/ juoda<\/p>","protected":false},"excerpt":{"rendered":"<p>Plotis [cm]: 150<br \/>\nAuk\u0161tis [cm]: 50<br \/>\nGylis [cm]: 42<br \/>\nSvoris [kg]: 35<\/p>","protected":false},"featured_media":224940,"comment_status":"open","ping_status":"open","template":"","meta":[],"product_brand":[],"product_cat":[8386,1175],"product_tag":[],"class_list":{"0":"post-224939","1":"product","2":"type-product","3":"status-publish","4":"has-post-thumbnail","6":"product_cat-meblocross","7":"product_cat-tv-stands","9":"first","10":"instock","11":"purchasable","12":"product-type-simple"},"_links":{"self":[{"href":"https:\/\/baldumarket.lt\/lt\/wp-json\/wp\/v2\/product\/224939","targetHints":{"allow":["GET"]}}],"collection":[{"href":"https:\/\/baldumarket.lt\/lt\/wp-json\/wp\/v2\/product"}],"about":[{"href":"https:\/\/baldumarket.lt\/lt\/wp-json\/wp\/v2\/types\/product"}],"replies":[{"embeddable":true,"href":"https:\/\/baldumarket.lt\/lt\/wp-json\/wp\/v2\/comments?post=224939"}],"wp:featuredmedia":[{"embeddable":true,"href":"https:\/\/baldumarket.lt\/lt\/wp-json\/wp\/v2\/media\/224940"}],"wp:attachment":[{"href":"https:\/\/baldumarket.lt\/lt\/wp-json\/wp\/v2\/media?parent=224939"}],"wp:term":[{"taxonomy":"product_brand","embeddable":true,"href":"https:\/\/baldumarket.lt\/lt\/wp-json\/wp\/v2\/product_brand?post=224939"},{"taxonomy":"product_cat","embeddable":true,"href":"https:\/\/baldumarket.lt\/lt\/wp-json\/wp\/v2\/product_cat?post=224939"},{"taxonomy":"product_tag","embeddable":true,"href":"https:\/\/baldumarket.lt\/lt\/wp-json\/wp\/v2\/product_tag?post=224939"}],"curies":[{"name":"wp","href":"https:\/\/api.w.org\/{rel}","templated":true}]}}