{"id":224921,"date":"2025-12-28T04:03:23","date_gmt":"2025-12-28T01:03:23","guid":{"rendered":"https:\/\/baldumarket.lt\/product\/meble-lars-_11-szafka-wiszaca-1d\/"},"modified":"2026-02-11T18:37:58","modified_gmt":"2026-02-11T15:37:58","slug":"meble-lars-_11-szafka-wiszaca-1d","status":"publish","type":"product","link":"https:\/\/baldumarket.lt\/lt\/product\/meble-lars-_11-szafka-wiszaca-1d\/","title":{"rendered":"LARS baldai _11 pakabinama spintel\u0117 1d"},"content":{"rendered":"<p>LARS _11 sienin\u0117 spintel\u0117 su 1 stal\u010diumi<br \/>\nUniversalus montavimas.<br \/>\nSpalvos:<br \/>\n\u2013 Artisan \u0105\u017euolas \/ baltas \/ juodas<br \/>\n\u2013 Tobaco Craft \u0105\u017euolas \/ balta \/ juoda<br \/>\n\u2013 Auksinis \u0105\u017euolas \/ Balta \/ Juoda<br \/>\n\u2013 Burgundi\u0161ko \u0105\u017euolo \/ Baltos \/ Juodos spalvos<br \/>\n\u2013 Sonoma \u0105\u017euolas \/ balta \/ juoda<\/p>","protected":false},"excerpt":{"rendered":"<p>Plotis [cm]: 36<br \/>\nAuk\u0161tis [cm]: 100<br \/>\nGylis [cm]: 27<br \/>\nSvoris [kg]: 13<\/p>","protected":false},"featured_media":224922,"comment_status":"open","ping_status":"open","template":"","meta":[],"product_brand":[],"product_cat":[1174,8386],"product_tag":[],"class_list":{"0":"post-224921","1":"product","2":"type-product","3":"status-publish","4":"has-post-thumbnail","6":"product_cat-hanging-shelves","7":"product_cat-meblocross","9":"first","10":"instock","11":"purchasable","12":"product-type-simple"},"_links":{"self":[{"href":"https:\/\/baldumarket.lt\/lt\/wp-json\/wp\/v2\/product\/224921","targetHints":{"allow":["GET"]}}],"collection":[{"href":"https:\/\/baldumarket.lt\/lt\/wp-json\/wp\/v2\/product"}],"about":[{"href":"https:\/\/baldumarket.lt\/lt\/wp-json\/wp\/v2\/types\/product"}],"replies":[{"embeddable":true,"href":"https:\/\/baldumarket.lt\/lt\/wp-json\/wp\/v2\/comments?post=224921"}],"wp:featuredmedia":[{"embeddable":true,"href":"https:\/\/baldumarket.lt\/lt\/wp-json\/wp\/v2\/media\/224922"}],"wp:attachment":[{"href":"https:\/\/baldumarket.lt\/lt\/wp-json\/wp\/v2\/media?parent=224921"}],"wp:term":[{"taxonomy":"product_brand","embeddable":true,"href":"https:\/\/baldumarket.lt\/lt\/wp-json\/wp\/v2\/product_brand?post=224921"},{"taxonomy":"product_cat","embeddable":true,"href":"https:\/\/baldumarket.lt\/lt\/wp-json\/wp\/v2\/product_cat?post=224921"},{"taxonomy":"product_tag","embeddable":true,"href":"https:\/\/baldumarket.lt\/lt\/wp-json\/wp\/v2\/product_tag?post=224921"}],"curies":[{"name":"wp","href":"https:\/\/api.w.org\/{rel}","templated":true}]}}