{"id":224912,"date":"2025-12-28T04:03:02","date_gmt":"2025-12-28T01:03:02","guid":{"rendered":"https:\/\/baldumarket.lt\/product\/meble-lars-_12-witryna-1d1s\/"},"modified":"2026-02-11T18:37:58","modified_gmt":"2026-02-11T15:37:58","slug":"meble-lars-_12-witryna-1d1s","status":"publish","type":"product","link":"https:\/\/baldumarket.lt\/lt\/product\/meble-lars-_12-witryna-1d1s\/","title":{"rendered":"LARS _12 bald\u0173 vitrina 1d1s"},"content":{"rendered":"<p>LARS _12 1d1s vitrina<br \/>\nSpalvos:<br \/>\n\u2013 Artisan \u0105\u017euolas \/ baltas \/ juodas<br \/>\n\u2013 Tabako dirbiniai i\u0161 \u0105\u017euolo \/ baltos \/ juodos spalvos<br \/>\n\u2013 Auksinis \u0105\u017euolas \/ balta \/ juoda<br \/>\n\u2013 Burgundi\u0161ko \u0105\u017euolo \/ baltos \/ juodos spalvos<br \/>\n\u2013 Sonoma \u0105\u017euolas \/ balta \/ juoda<br \/>\nLED ap\u0161vietimas (\u0161altai balta, \u0161iltai balta, m\u0117lyna) galimas u\u017e papildomus 100 PLN.<\/p>","protected":false},"excerpt":{"rendered":"<p>Plotis [cm]: 80<br \/>\nAuk\u0161tis [cm]: 142<br \/>\nGylis [cm]: 42<br \/>\nSvoris [kg]: 52<\/p>","protected":false},"featured_media":224913,"comment_status":"open","ping_status":"open","template":"","meta":[],"product_brand":[],"product_cat":[8386,2006],"product_tag":[],"class_list":{"0":"post-224912","1":"product","2":"type-product","3":"status-publish","4":"has-post-thumbnail","6":"product_cat-meblocross","7":"product_cat-vitrines","9":"first","10":"instock","11":"purchasable","12":"product-type-simple"},"_links":{"self":[{"href":"https:\/\/baldumarket.lt\/lt\/wp-json\/wp\/v2\/product\/224912","targetHints":{"allow":["GET"]}}],"collection":[{"href":"https:\/\/baldumarket.lt\/lt\/wp-json\/wp\/v2\/product"}],"about":[{"href":"https:\/\/baldumarket.lt\/lt\/wp-json\/wp\/v2\/types\/product"}],"replies":[{"embeddable":true,"href":"https:\/\/baldumarket.lt\/lt\/wp-json\/wp\/v2\/comments?post=224912"}],"wp:featuredmedia":[{"embeddable":true,"href":"https:\/\/baldumarket.lt\/lt\/wp-json\/wp\/v2\/media\/224913"}],"wp:attachment":[{"href":"https:\/\/baldumarket.lt\/lt\/wp-json\/wp\/v2\/media?parent=224912"}],"wp:term":[{"taxonomy":"product_brand","embeddable":true,"href":"https:\/\/baldumarket.lt\/lt\/wp-json\/wp\/v2\/product_brand?post=224912"},{"taxonomy":"product_cat","embeddable":true,"href":"https:\/\/baldumarket.lt\/lt\/wp-json\/wp\/v2\/product_cat?post=224912"},{"taxonomy":"product_tag","embeddable":true,"href":"https:\/\/baldumarket.lt\/lt\/wp-json\/wp\/v2\/product_tag?post=224912"}],"curies":[{"name":"wp","href":"https:\/\/api.w.org\/{rel}","templated":true}]}}