{"id":224896,"date":"2025-12-28T04:02:23","date_gmt":"2025-12-28T01:02:23","guid":{"rendered":"https:\/\/baldumarket.lt\/product\/meble-lena-przedpokoj-garderoba\/"},"modified":"2026-02-11T18:37:58","modified_gmt":"2026-02-11T15:37:58","slug":"meble-lena-przedpokoj-garderoba","status":"publish","type":"product","link":"https:\/\/baldumarket.lt\/lt\/product\/meble-lena-przedpokoj-garderoba\/","title":{"rendered":"LENA bald\u0173 prie\u0161kambario spinta"},"content":{"rendered":"<p>LENA Prie\u0161kambaris<br \/>\nSpalvos:<br \/>\n\u2013 Balta \/ Blizgi juoda<br \/>\n\u2013 Wallis slyv\u0173 \/ blizgi juoda<br \/>\n\u2013 Wallis slyva \/ balta<br \/>\n\u2013 Tabako dirbini\u0173 \u0105\u017euolas \/ Auksinis dirbini\u0173 \u0105\u017euolas<\/p>","protected":false},"excerpt":{"rendered":"<p>Plotis [cm]: 100<br \/>\nAuk\u0161tis [cm]: 190<br \/>\nGylis [cm]: 28<\/p>","protected":false},"featured_media":224897,"comment_status":"open","ping_status":"open","template":"","meta":[],"product_brand":[],"product_cat":[8386,1177],"product_tag":[],"class_list":{"0":"post-224896","1":"product","2":"type-product","3":"status-publish","4":"has-post-thumbnail","6":"product_cat-meblocross","7":"product_cat-wardrobes","9":"first","10":"instock","11":"purchasable","12":"product-type-simple"},"_links":{"self":[{"href":"https:\/\/baldumarket.lt\/lt\/wp-json\/wp\/v2\/product\/224896","targetHints":{"allow":["GET"]}}],"collection":[{"href":"https:\/\/baldumarket.lt\/lt\/wp-json\/wp\/v2\/product"}],"about":[{"href":"https:\/\/baldumarket.lt\/lt\/wp-json\/wp\/v2\/types\/product"}],"replies":[{"embeddable":true,"href":"https:\/\/baldumarket.lt\/lt\/wp-json\/wp\/v2\/comments?post=224896"}],"wp:featuredmedia":[{"embeddable":true,"href":"https:\/\/baldumarket.lt\/lt\/wp-json\/wp\/v2\/media\/224897"}],"wp:attachment":[{"href":"https:\/\/baldumarket.lt\/lt\/wp-json\/wp\/v2\/media?parent=224896"}],"wp:term":[{"taxonomy":"product_brand","embeddable":true,"href":"https:\/\/baldumarket.lt\/lt\/wp-json\/wp\/v2\/product_brand?post=224896"},{"taxonomy":"product_cat","embeddable":true,"href":"https:\/\/baldumarket.lt\/lt\/wp-json\/wp\/v2\/product_cat?post=224896"},{"taxonomy":"product_tag","embeddable":true,"href":"https:\/\/baldumarket.lt\/lt\/wp-json\/wp\/v2\/product_tag?post=224896"}],"curies":[{"name":"wp","href":"https:\/\/api.w.org\/{rel}","templated":true}]}}