{"id":224850,"date":"2025-12-28T04:00:52","date_gmt":"2025-12-28T01:00:52","guid":{"rendered":"https:\/\/baldumarket.lt\/product\/meble-megi-1-regal-na-ksiazki-biurko-skladane-dab-cremona-bialy-polysk\/"},"modified":"2026-02-11T18:37:58","modified_gmt":"2026-02-11T15:37:58","slug":"meble-megi-1-regal-na-ksiazki-biurko-skladane-dab-cremona-bialy-polysk","status":"publish","type":"product","link":"https:\/\/baldumarket.lt\/lt\/product\/meble-megi-1-regal-na-ksiazki-biurko-skladane-dab-cremona-bialy-polysk\/","title":{"rendered":"MEGI baldai 1 knyg\u0173 lentyna + sulankstomas stalas, kremonos \u0105\u017euolas \/ baltas blizgus"},"content":{"rendered":"<p>MEGI 1 lentyna + stalas<br \/>\nBaldai pagaminti i\u0161 16 mm storio med\u017eio dro\u017eli\u0173 plok\u0161t\u0117s su ABS briaunomis. Stal\u010diai ir durys turi \u0161velnaus u\u017edarymo mechanizm\u0105. ABS kojel\u0117s yra 12 cm auk\u0161\u010dio.<br \/>\nSpalva: Kremonos \u0105\u017euolas \/ Blizgi balta<\/p>","protected":false},"excerpt":{"rendered":"<p>Plotis [cm]: 80<br \/>\nAuk\u0161tis [cm]: 175<br \/>\nGylis [cm]: 36 \/ 99<br \/>\nSvoris [kg]: 49<\/p>","protected":false},"featured_media":224851,"comment_status":"open","ping_status":"open","template":"","meta":[],"product_brand":[],"product_cat":[8386,1987],"product_tag":[],"class_list":{"0":"post-224850","1":"product","2":"type-product","3":"status-publish","4":"has-post-thumbnail","6":"product_cat-meblocross","7":"product_cat-shelving-units","9":"first","10":"instock","11":"purchasable","12":"product-type-simple"},"_links":{"self":[{"href":"https:\/\/baldumarket.lt\/lt\/wp-json\/wp\/v2\/product\/224850","targetHints":{"allow":["GET"]}}],"collection":[{"href":"https:\/\/baldumarket.lt\/lt\/wp-json\/wp\/v2\/product"}],"about":[{"href":"https:\/\/baldumarket.lt\/lt\/wp-json\/wp\/v2\/types\/product"}],"replies":[{"embeddable":true,"href":"https:\/\/baldumarket.lt\/lt\/wp-json\/wp\/v2\/comments?post=224850"}],"wp:featuredmedia":[{"embeddable":true,"href":"https:\/\/baldumarket.lt\/lt\/wp-json\/wp\/v2\/media\/224851"}],"wp:attachment":[{"href":"https:\/\/baldumarket.lt\/lt\/wp-json\/wp\/v2\/media?parent=224850"}],"wp:term":[{"taxonomy":"product_brand","embeddable":true,"href":"https:\/\/baldumarket.lt\/lt\/wp-json\/wp\/v2\/product_brand?post=224850"},{"taxonomy":"product_cat","embeddable":true,"href":"https:\/\/baldumarket.lt\/lt\/wp-json\/wp\/v2\/product_cat?post=224850"},{"taxonomy":"product_tag","embeddable":true,"href":"https:\/\/baldumarket.lt\/lt\/wp-json\/wp\/v2\/product_tag?post=224850"}],"curies":[{"name":"wp","href":"https:\/\/api.w.org\/{rel}","templated":true}]}}