{"id":224788,"date":"2025-12-28T03:58:36","date_gmt":"2025-12-28T00:58:36","guid":{"rendered":"https:\/\/baldumarket.lt\/product\/meble-milar-1-mebloscianka-zestaw-do-salonu\/"},"modified":"2026-02-11T18:37:59","modified_gmt":"2026-02-11T15:37:59","slug":"meble-milar-1-mebloscianka-zestaw-do-salonu","status":"publish","type":"product","link":"https:\/\/baldumarket.lt\/lt\/product\/meble-milar-1-mebloscianka-zestaw-do-salonu\/","title":{"rendered":"MILAR baldai #1 sienin\u0117 svetain\u0117s spintel\u0117"},"content":{"rendered":"<p>MILAR 1 rinkinys<br \/>\nKomplekt\u0105 sudaro: MILAR 03 komoda su dviem durimis [90\/94\/42], MILAR 07 pakabinama lentyna [90\/39\/22], MILAR 08 knyg\u0173 spinta su keturiomis durimis [90\/141\/42], MILAR 11 televizoriaus staliukas su dviem durimis [135\/47\/42], MILAR 15 vitrina su dviem durimis [80\/190\/42], MILAR 05 kavos staliukas [85\/47\/85]<br \/>\nGalimos spalvos: balta \/ Artisan \u0105\u017euolas \/ juoda, Endgrain \u0105\u017euolas \/ betono pilka \/ juoda, \u0161viesus Sonoma \u0105\u017euolas \/ blizgi balta \/ balta, akmens \u0105\u017euolas \/ blizgi juoda \/ juoda, Artisan \u0105\u017euolas \/ betono juoda \/ juoda, Grange \u0105\u017euolas \/ grafitas \/ juoda<\/p>","protected":false},"excerpt":{"rendered":"<p>MILAR komplektas 1 Komplekt\u0105 sudaro: MILAR 03 komoda su 2 durel\u0117mis [90\/94\/42], MILAR 07 pakabinama lentyna [90\/39\/22], MILAR 08 knyg\u0173 spinta su 4 durel\u0117mis [90\/141\/42], MILAR 11 televizoriaus staliukas su 2 durel\u0117mis [135\/47\/42], MILAR 15 vitrina su 2 durel\u0117mis [80\/190\/42], MILAR 05 kavos staliukas [85\/47\/85]. Galimos spalvos: balta \/ \u0105\u017euolo imitacija \/ juoda, \u0105\u017euolo imitacija \/ betono pilka \/ juoda, [\u2026]<\/p>","protected":false},"featured_media":224789,"comment_status":"open","ping_status":"open","template":"","meta":[],"product_brand":[],"product_cat":[8386,2008],"product_tag":[],"class_list":{"0":"post-224788","1":"product","2":"type-product","3":"status-publish","4":"has-post-thumbnail","6":"product_cat-meblocross","7":"product_cat-wall-units","9":"first","10":"instock","11":"purchasable","12":"product-type-simple"},"_links":{"self":[{"href":"https:\/\/baldumarket.lt\/lt\/wp-json\/wp\/v2\/product\/224788","targetHints":{"allow":["GET"]}}],"collection":[{"href":"https:\/\/baldumarket.lt\/lt\/wp-json\/wp\/v2\/product"}],"about":[{"href":"https:\/\/baldumarket.lt\/lt\/wp-json\/wp\/v2\/types\/product"}],"replies":[{"embeddable":true,"href":"https:\/\/baldumarket.lt\/lt\/wp-json\/wp\/v2\/comments?post=224788"}],"wp:featuredmedia":[{"embeddable":true,"href":"https:\/\/baldumarket.lt\/lt\/wp-json\/wp\/v2\/media\/224789"}],"wp:attachment":[{"href":"https:\/\/baldumarket.lt\/lt\/wp-json\/wp\/v2\/media?parent=224788"}],"wp:term":[{"taxonomy":"product_brand","embeddable":true,"href":"https:\/\/baldumarket.lt\/lt\/wp-json\/wp\/v2\/product_brand?post=224788"},{"taxonomy":"product_cat","embeddable":true,"href":"https:\/\/baldumarket.lt\/lt\/wp-json\/wp\/v2\/product_cat?post=224788"},{"taxonomy":"product_tag","embeddable":true,"href":"https:\/\/baldumarket.lt\/lt\/wp-json\/wp\/v2\/product_tag?post=224788"}],"curies":[{"name":"wp","href":"https:\/\/api.w.org\/{rel}","templated":true}]}}