{"id":224786,"date":"2025-12-28T03:58:26","date_gmt":"2025-12-28T00:58:26","guid":{"rendered":"https:\/\/baldumarket.lt\/product\/meble-milar-10-mlodziezowe-regal-biurko-komoda-polka-wiszaca-dab-cremona\/"},"modified":"2026-02-11T18:37:59","modified_gmt":"2026-02-11T15:37:59","slug":"meble-milar-10-mlodziezowe-regal-biurko-komoda-polka-wiszaca-dab-cremona","status":"publish","type":"product","link":"https:\/\/baldumarket.lt\/lt\/product\/meble-milar-10-mlodziezowe-regal-biurko-komoda-polka-wiszaca-dab-cremona\/","title":{"rendered":"MILAR #10 jaunimo baldai, knyg\u0173 lentyna, ra\u0161omasis stalas, komoda, pakabinama lentyna, \u0105\u017euolas \u201eCremona\u201c"},"content":{"rendered":"<p>MILAR rinkinys, 10 vnt.<br \/>\nKomplekt\u0105 sudaro: MILAR 08 knyg\u0173 lentyna 90\/141\/42 \u2013 70 kg \u2013 2 vnt. MILAR 01 ra\u0161omasis stalas 110\/75\/52 \u2013 36 kg \u2013 1 vnt. MILAR 07 lentyna 90\/39\/22 \u2013 13 kg \u2013 1 vnt. MILAR 03 komoda 90\/94\/42 \u2013 53 kg \u2013 2 vnt. Spalvos: kremonos \u0105\u017euolas \/ granados migdol\u0173 spalva \/ juoda<\/p>","protected":false},"excerpt":{"rendered":"<p>Svoris [kg]: 172<\/p>","protected":false},"featured_media":224787,"comment_status":"open","ping_status":"open","template":"","meta":[],"product_brand":[],"product_cat":[8386,2008],"product_tag":[],"class_list":{"0":"post-224786","1":"product","2":"type-product","3":"status-publish","4":"has-post-thumbnail","6":"product_cat-meblocross","7":"product_cat-wall-units","9":"first","10":"instock","11":"purchasable","12":"product-type-simple"},"_links":{"self":[{"href":"https:\/\/baldumarket.lt\/lt\/wp-json\/wp\/v2\/product\/224786","targetHints":{"allow":["GET"]}}],"collection":[{"href":"https:\/\/baldumarket.lt\/lt\/wp-json\/wp\/v2\/product"}],"about":[{"href":"https:\/\/baldumarket.lt\/lt\/wp-json\/wp\/v2\/types\/product"}],"replies":[{"embeddable":true,"href":"https:\/\/baldumarket.lt\/lt\/wp-json\/wp\/v2\/comments?post=224786"}],"wp:featuredmedia":[{"embeddable":true,"href":"https:\/\/baldumarket.lt\/lt\/wp-json\/wp\/v2\/media\/224787"}],"wp:attachment":[{"href":"https:\/\/baldumarket.lt\/lt\/wp-json\/wp\/v2\/media?parent=224786"}],"wp:term":[{"taxonomy":"product_brand","embeddable":true,"href":"https:\/\/baldumarket.lt\/lt\/wp-json\/wp\/v2\/product_brand?post=224786"},{"taxonomy":"product_cat","embeddable":true,"href":"https:\/\/baldumarket.lt\/lt\/wp-json\/wp\/v2\/product_cat?post=224786"},{"taxonomy":"product_tag","embeddable":true,"href":"https:\/\/baldumarket.lt\/lt\/wp-json\/wp\/v2\/product_tag?post=224786"}],"curies":[{"name":"wp","href":"https:\/\/api.w.org\/{rel}","templated":true}]}}