{"id":224770,"date":"2025-12-28T03:57:50","date_gmt":"2025-12-28T00:57:50","guid":{"rendered":"https:\/\/baldumarket.lt\/product\/meble-milar-3-mebloscianka-zestaw-do-salonu\/"},"modified":"2026-02-11T18:37:59","modified_gmt":"2026-02-11T15:37:59","slug":"meble-milar-3-mebloscianka-zestaw-do-salonu","status":"publish","type":"product","link":"https:\/\/baldumarket.lt\/lt\/product\/meble-milar-3-mebloscianka-zestaw-do-salonu\/","title":{"rendered":"MILAR baldai #3 sienin\u0117 svetain\u0117s spintel\u0117"},"content":{"rendered":"<p>MILAR rinkinys, 3 vnt.<br \/>\nKomplekt\u0105 sudaro: MILAR 04 4 dur\u0173 komoda [135\/94\/42], MILAR 15 2 dur\u0173 vitrina [80\/190\/42], MILAR 10 1 dur\u0173 televizoriaus staliukas [160\/47\/42], MILAR 13 2 dur\u0173 sienin\u0117 spintel\u0117 [135\/39\/27], MILAR 14 2 dur\u0173 vitrina [70\/175\/42], MILAR 06 kavos staliukas [120\/47\/68]<br \/>\nGalimos spalvos: balta \/ Artisan \u0105\u017euolas \/ juoda, Endgrain \u0105\u017euolas \/ betono pilka \/ juoda, \u0161viesus Sonoma \u0105\u017euolas \/ blizgi balta \/ balta, akmens \u0105\u017euolas \/ blizgi juoda \/ juoda, Artisan \u0105\u017euolas \/ betono juoda \/ juoda, Grange \u0105\u017euolas \/ grafitas \/ juoda<\/p>","protected":false},"excerpt":{"rendered":"<p>MILAR 3 stal\u010di\u0173 komplektas Komplekt\u0105 sudaro: MILAR 04 komoda su 4 durel\u0117mis [135\/94\/42], MILAR 15 vitrina su 2 durel\u0117mis [80\/190\/42], MILAR 10 televizoriaus staliukas su 1 durel\u0117mis [160\/47\/42], MILAR 13 prie sienos montuojama 2 durel\u0117mis spintel\u0117 [135\/39\/27], MILAR 14 vitrina su 2 durel\u0117mis [70\/175\/42], MILAR 06 kavos staliukas [120\/47\/68]. Galimos spalvos: balta \/ \u0105\u017euolas \u201eArtisan\u201c \/ juoda, \u0105\u017euolas su ra\u0161tu \u201eEndgrain\u201c \/ betonas [\u2026]<\/p>","protected":false},"featured_media":224771,"comment_status":"open","ping_status":"open","template":"","meta":[],"product_brand":[],"product_cat":[8386,2008],"product_tag":[],"class_list":{"0":"post-224770","1":"product","2":"type-product","3":"status-publish","4":"has-post-thumbnail","6":"product_cat-meblocross","7":"product_cat-wall-units","9":"first","10":"instock","11":"purchasable","12":"product-type-simple"},"_links":{"self":[{"href":"https:\/\/baldumarket.lt\/lt\/wp-json\/wp\/v2\/product\/224770","targetHints":{"allow":["GET"]}}],"collection":[{"href":"https:\/\/baldumarket.lt\/lt\/wp-json\/wp\/v2\/product"}],"about":[{"href":"https:\/\/baldumarket.lt\/lt\/wp-json\/wp\/v2\/types\/product"}],"replies":[{"embeddable":true,"href":"https:\/\/baldumarket.lt\/lt\/wp-json\/wp\/v2\/comments?post=224770"}],"wp:featuredmedia":[{"embeddable":true,"href":"https:\/\/baldumarket.lt\/lt\/wp-json\/wp\/v2\/media\/224771"}],"wp:attachment":[{"href":"https:\/\/baldumarket.lt\/lt\/wp-json\/wp\/v2\/media?parent=224770"}],"wp:term":[{"taxonomy":"product_brand","embeddable":true,"href":"https:\/\/baldumarket.lt\/lt\/wp-json\/wp\/v2\/product_brand?post=224770"},{"taxonomy":"product_cat","embeddable":true,"href":"https:\/\/baldumarket.lt\/lt\/wp-json\/wp\/v2\/product_cat?post=224770"},{"taxonomy":"product_tag","embeddable":true,"href":"https:\/\/baldumarket.lt\/lt\/wp-json\/wp\/v2\/product_tag?post=224770"}],"curies":[{"name":"wp","href":"https:\/\/api.w.org\/{rel}","templated":true}]}}