{"id":224762,"date":"2025-12-28T03:57:30","date_gmt":"2025-12-28T00:57:30","guid":{"rendered":"https:\/\/baldumarket.lt\/product\/meble-milar-4-mebloscianka-zestaw-mlodziezowy\/"},"modified":"2026-02-11T18:37:59","modified_gmt":"2026-02-11T15:37:59","slug":"meble-milar-4-mebloscianka-zestaw-mlodziezowy","status":"publish","type":"product","link":"https:\/\/baldumarket.lt\/lt\/product\/meble-milar-4-mebloscianka-zestaw-mlodziezowy\/","title":{"rendered":"MILAR baldai #4 sienin\u0117 jaunimo spintel\u0117"},"content":{"rendered":"<p>MILAR rinkinys, 4 vnt.<br \/>\nKomplekt\u0105 sudaro: MILAR 02 ra\u0161omasis stalas su 2 durel\u0117mis [125\/75\/52], MILAR 04 komoda su 4 durel\u0117mis [135\/94\/42], MILAR 07 lentyna [90\/39\/22], MILAR 09 knyg\u0173 lentyna su 4 durel\u0117mis [80\/190\/42], MILAR 12 spinta su 3 durel\u0117mis [100\/190\/42]<br \/>\nGalimos spalvos: balta \/ Artisan \u0105\u017euolas \/ juoda, Endgrain \u0105\u017euolas \/ betono pilka \/ juoda, \u0161viesus Sonoma \u0105\u017euolas \/ blizgi balta \/ balta, akmens \u0105\u017euolas \/ blizgi juoda \/ juoda, Artisan \u0105\u017euolas \/ betono juoda \/ juoda, Grange \u0105\u017euolas \/ grafitas \/ juoda<\/p>","protected":false},"excerpt":{"rendered":"<p>MILAR 4 vnt. komplektas Komplekt\u0105 sudaro: MILAR 02 ra\u0161omasis stalas su 2 durel\u0117mis [125\/75\/52], MILAR 04 komoda su 4 durel\u0117mis [135\/94\/42], MILAR 07 lentyna [90\/39\/22], MILAR 09 knyg\u0173 lentyna su 4 durel\u0117mis [80\/190\/42], MILAR 12 spinta su 3 durel\u0117mis [100\/190\/42] Galimos spalvos: balta \/ Artisan \u0105\u017euolas \/ juoda, Endgrain \u0105\u017euolas \/ Betono pilka \/ juoda, \u0161viesus Sonoma \u0105\u017euolas [\u2026]<\/p>","protected":false},"featured_media":224763,"comment_status":"open","ping_status":"open","template":"","meta":[],"product_brand":[],"product_cat":[8386,2008],"product_tag":[],"class_list":{"0":"post-224762","1":"product","2":"type-product","3":"status-publish","4":"has-post-thumbnail","6":"product_cat-meblocross","7":"product_cat-wall-units","9":"first","10":"instock","11":"purchasable","12":"product-type-simple"},"_links":{"self":[{"href":"https:\/\/baldumarket.lt\/lt\/wp-json\/wp\/v2\/product\/224762","targetHints":{"allow":["GET"]}}],"collection":[{"href":"https:\/\/baldumarket.lt\/lt\/wp-json\/wp\/v2\/product"}],"about":[{"href":"https:\/\/baldumarket.lt\/lt\/wp-json\/wp\/v2\/types\/product"}],"replies":[{"embeddable":true,"href":"https:\/\/baldumarket.lt\/lt\/wp-json\/wp\/v2\/comments?post=224762"}],"wp:featuredmedia":[{"embeddable":true,"href":"https:\/\/baldumarket.lt\/lt\/wp-json\/wp\/v2\/media\/224763"}],"wp:attachment":[{"href":"https:\/\/baldumarket.lt\/lt\/wp-json\/wp\/v2\/media?parent=224762"}],"wp:term":[{"taxonomy":"product_brand","embeddable":true,"href":"https:\/\/baldumarket.lt\/lt\/wp-json\/wp\/v2\/product_brand?post=224762"},{"taxonomy":"product_cat","embeddable":true,"href":"https:\/\/baldumarket.lt\/lt\/wp-json\/wp\/v2\/product_cat?post=224762"},{"taxonomy":"product_tag","embeddable":true,"href":"https:\/\/baldumarket.lt\/lt\/wp-json\/wp\/v2\/product_tag?post=224762"}],"curies":[{"name":"wp","href":"https:\/\/api.w.org\/{rel}","templated":true}]}}