{"id":224754,"date":"2025-12-28T03:57:09","date_gmt":"2025-12-28T00:57:09","guid":{"rendered":"https:\/\/baldumarket.lt\/product\/meble-milar-5-mebloscianka-zestaw-mlodziezowy\/"},"modified":"2026-02-11T18:37:59","modified_gmt":"2026-02-11T15:37:59","slug":"meble-milar-5-mebloscianka-zestaw-mlodziezowy","status":"publish","type":"product","link":"https:\/\/baldumarket.lt\/lt\/product\/meble-milar-5-mebloscianka-zestaw-mlodziezowy\/","title":{"rendered":"MILAR baldai #5 jaunimo sienin\u0117s spintel\u0117s komplektas"},"content":{"rendered":"<p>MILAR rinkinys 5<br \/>\nKomplekt\u0105 sudaro: MILAR 01 ra\u0161omasis stalas 1vnt. [110\/75\/52], MILAR 03 komoda 2vnt. su 2 stal\u010diais [90\/94\/42], MILAR 07 lentyna [90\/39\/22], MILAR 08 knyg\u0173 lentyna 4vnt. su 2 stal\u010diais [90\/141\/42], MILAR 12 spinta 3vnt. su 2 stal\u010diais [100\/190\/42]<br \/>\nGalimos spalvos: balta \/ Artisan \u0105\u017euolas \/ juoda, Endgrain \u0105\u017euolas \/ betono pilka \/ juoda, \u0161viesus Sonoma \u0105\u017euolas \/ blizgi balta \/ balta, akmens \u0105\u017euolas \/ blizgi juoda \/ juoda, Artisan \u0105\u017euolas \/ betono juoda \/ juoda, Grange \u0105\u017euolas \/ grafitas \/ juoda<\/p>","protected":false},"excerpt":{"rendered":"<p>MILAR komplektas 5 Komplekt\u0105 sudaro: MILAR 01 ra\u0161omasis stalas 1vnt. [110\/75\/52], MILAR 03 komoda 2vnt. su 2 stal\u010diais [90\/94\/42], MILAR 07 lentyna [90\/39\/22], MILAR 08 knyg\u0173 lentyna 4vnt. su 2 stal\u010diais [90\/141\/42], MILAR 12 spinta 3vnt. su 2 stal\u010diais [100\/190\/42]. Galimos spalvos: balta \/ Artisan \u0105\u017euolas \/ juoda, Endgrain \u0105\u017euolas \/ Betono pilka \/ juoda, \u0161viesus Sonoma \u0105\u017euolas \/ Blizgi balta \/ balta, [\u2026]<\/p>","protected":false},"featured_media":224755,"comment_status":"open","ping_status":"open","template":"","meta":[],"product_brand":[],"product_cat":[8386,2008],"product_tag":[],"class_list":{"0":"post-224754","1":"product","2":"type-product","3":"status-publish","4":"has-post-thumbnail","6":"product_cat-meblocross","7":"product_cat-wall-units","9":"first","10":"instock","11":"purchasable","12":"product-type-simple"},"_links":{"self":[{"href":"https:\/\/baldumarket.lt\/lt\/wp-json\/wp\/v2\/product\/224754","targetHints":{"allow":["GET"]}}],"collection":[{"href":"https:\/\/baldumarket.lt\/lt\/wp-json\/wp\/v2\/product"}],"about":[{"href":"https:\/\/baldumarket.lt\/lt\/wp-json\/wp\/v2\/types\/product"}],"replies":[{"embeddable":true,"href":"https:\/\/baldumarket.lt\/lt\/wp-json\/wp\/v2\/comments?post=224754"}],"wp:featuredmedia":[{"embeddable":true,"href":"https:\/\/baldumarket.lt\/lt\/wp-json\/wp\/v2\/media\/224755"}],"wp:attachment":[{"href":"https:\/\/baldumarket.lt\/lt\/wp-json\/wp\/v2\/media?parent=224754"}],"wp:term":[{"taxonomy":"product_brand","embeddable":true,"href":"https:\/\/baldumarket.lt\/lt\/wp-json\/wp\/v2\/product_brand?post=224754"},{"taxonomy":"product_cat","embeddable":true,"href":"https:\/\/baldumarket.lt\/lt\/wp-json\/wp\/v2\/product_cat?post=224754"},{"taxonomy":"product_tag","embeddable":true,"href":"https:\/\/baldumarket.lt\/lt\/wp-json\/wp\/v2\/product_tag?post=224754"}],"curies":[{"name":"wp","href":"https:\/\/api.w.org\/{rel}","templated":true}]}}