{"id":224752,"date":"2025-12-28T03:56:59","date_gmt":"2025-12-28T00:56:59","guid":{"rendered":"https:\/\/baldumarket.lt\/product\/meble-milar-6-komoda-szafka-rtv-witryna-regal-stolik-kawowy-dab-cremona\/"},"modified":"2026-02-11T18:37:59","modified_gmt":"2026-02-11T15:37:59","slug":"meble-milar-6-komoda-szafka-rtv-witryna-regal-stolik-kawowy-dab-cremona","status":"publish","type":"product","link":"https:\/\/baldumarket.lt\/lt\/product\/meble-milar-6-komoda-szafka-rtv-witryna-regal-stolik-kawowy-dab-cremona\/","title":{"rendered":"MILAR #6 baldai, komoda, televizoriaus spintel\u0117, vitrina, kavos staliukas, \u0105\u017euolas \u201eCremona\u201c"},"content":{"rendered":"<p>MILAR rinkinys, 6 vnt.<br \/>\nKomplekt\u0105 sudaro: MILAR 03 komoda su 2 stal\u010diais, 2 vnt. [90\/94\/42] MILAR 07 pakabinama lentyna [90\/39\/22] MILAR 08 knyg\u0173 lentyna su 4 stal\u010diais, 2 vnt. [90\/141\/42] MILAR 11 televizoriaus staliukas su 2 stal\u010diais [135\/47\/42] MILAR 15 vitrina su 2 stal\u010diais, be LED ap\u0161vietimo [80\/190\/42] MILAR 05 kavos staliukas [85\/47\/85] Spalvos: kremonos \u0105\u017euolas \/ granados migdol\u0173 spalva \/ juoda<\/p>","protected":false},"excerpt":{"rendered":"<p>Svoris [kg]: 307,5<\/p>","protected":false},"featured_media":224753,"comment_status":"open","ping_status":"open","template":"","meta":[],"product_brand":[],"product_cat":[8386,2008],"product_tag":[],"class_list":{"0":"post-224752","1":"product","2":"type-product","3":"status-publish","4":"has-post-thumbnail","6":"product_cat-meblocross","7":"product_cat-wall-units","9":"first","10":"instock","11":"purchasable","12":"product-type-simple"},"_links":{"self":[{"href":"https:\/\/baldumarket.lt\/lt\/wp-json\/wp\/v2\/product\/224752","targetHints":{"allow":["GET"]}}],"collection":[{"href":"https:\/\/baldumarket.lt\/lt\/wp-json\/wp\/v2\/product"}],"about":[{"href":"https:\/\/baldumarket.lt\/lt\/wp-json\/wp\/v2\/types\/product"}],"replies":[{"embeddable":true,"href":"https:\/\/baldumarket.lt\/lt\/wp-json\/wp\/v2\/comments?post=224752"}],"wp:featuredmedia":[{"embeddable":true,"href":"https:\/\/baldumarket.lt\/lt\/wp-json\/wp\/v2\/media\/224753"}],"wp:attachment":[{"href":"https:\/\/baldumarket.lt\/lt\/wp-json\/wp\/v2\/media?parent=224752"}],"wp:term":[{"taxonomy":"product_brand","embeddable":true,"href":"https:\/\/baldumarket.lt\/lt\/wp-json\/wp\/v2\/product_brand?post=224752"},{"taxonomy":"product_cat","embeddable":true,"href":"https:\/\/baldumarket.lt\/lt\/wp-json\/wp\/v2\/product_cat?post=224752"},{"taxonomy":"product_tag","embeddable":true,"href":"https:\/\/baldumarket.lt\/lt\/wp-json\/wp\/v2\/product_tag?post=224752"}],"curies":[{"name":"wp","href":"https:\/\/api.w.org\/{rel}","templated":true}]}}