{"id":224748,"date":"2025-12-28T03:56:46","date_gmt":"2025-12-28T00:56:46","guid":{"rendered":"https:\/\/baldumarket.lt\/product\/meble-milar-8-pokojowe-witryna-szafka-rtv-komoda-stolik-kawowy-polka-dab\/"},"modified":"2026-02-11T18:38:00","modified_gmt":"2026-02-11T15:38:00","slug":"meble-milar-8-pokojowe-witryna-szafka-rtv-komoda-stolik-kawowy-polka-dab","status":"publish","type":"product","link":"https:\/\/baldumarket.lt\/lt\/product\/meble-milar-8-pokojowe-witryna-szafka-rtv-komoda-stolik-kawowy-polka-dab\/","title":{"rendered":"MILAR #8 svetain\u0117s baldai, vitrina, televizoriaus spintel\u0117, komoda, kavos staliukas, lentyna, \u0105\u017euolas"},"content":{"rendered":"<p>MILAR rinkinys, 8 vnt.<br \/>\nKomplekt\u0105 sudaro: MILAR 04 4 dur\u0173 komoda [135\/94\/42] MILAR 15 2 dur\u0173 vitrina be LED ap\u0161vietimo [80\/190\/42] MILAR 10 1 dur\u0173 televizoriaus spintel\u0117 [160\/47\/42] MILAR 13 2 dur\u0173 sienin\u0117 spintel\u0117 [135\/39\/27] MILAR 14 2 dur\u0173 vitrina be LED ap\u0161vietimo [70\/175\/42] MILAR 06 kavos staliukas [120\/47\/68] Spalvos: kremonos \u0105\u017euolas \/ granados migdol\u0173 spalva \/ juoda<\/p>","protected":false},"excerpt":{"rendered":"<p>Svoris [kg]: 341,5<\/p>","protected":false},"featured_media":224749,"comment_status":"open","ping_status":"open","template":"","meta":[],"product_brand":[],"product_cat":[8386,2008],"product_tag":[],"class_list":{"0":"post-224748","1":"product","2":"type-product","3":"status-publish","4":"has-post-thumbnail","6":"product_cat-meblocross","7":"product_cat-wall-units","9":"first","10":"instock","11":"purchasable","12":"product-type-simple"},"_links":{"self":[{"href":"https:\/\/baldumarket.lt\/lt\/wp-json\/wp\/v2\/product\/224748","targetHints":{"allow":["GET"]}}],"collection":[{"href":"https:\/\/baldumarket.lt\/lt\/wp-json\/wp\/v2\/product"}],"about":[{"href":"https:\/\/baldumarket.lt\/lt\/wp-json\/wp\/v2\/types\/product"}],"replies":[{"embeddable":true,"href":"https:\/\/baldumarket.lt\/lt\/wp-json\/wp\/v2\/comments?post=224748"}],"wp:featuredmedia":[{"embeddable":true,"href":"https:\/\/baldumarket.lt\/lt\/wp-json\/wp\/v2\/media\/224749"}],"wp:attachment":[{"href":"https:\/\/baldumarket.lt\/lt\/wp-json\/wp\/v2\/media?parent=224748"}],"wp:term":[{"taxonomy":"product_brand","embeddable":true,"href":"https:\/\/baldumarket.lt\/lt\/wp-json\/wp\/v2\/product_brand?post=224748"},{"taxonomy":"product_cat","embeddable":true,"href":"https:\/\/baldumarket.lt\/lt\/wp-json\/wp\/v2\/product_cat?post=224748"},{"taxonomy":"product_tag","embeddable":true,"href":"https:\/\/baldumarket.lt\/lt\/wp-json\/wp\/v2\/product_tag?post=224748"}],"curies":[{"name":"wp","href":"https:\/\/api.w.org\/{rel}","templated":true}]}}