{"id":224746,"date":"2025-12-28T03:56:38","date_gmt":"2025-12-28T00:56:38","guid":{"rendered":"https:\/\/baldumarket.lt\/product\/meble-milar-9-mlodziezowe-biurko-regal-szafa-komoda-polka-wiszaca-dab-crem\/"},"modified":"2026-02-11T18:38:00","modified_gmt":"2026-02-11T15:38:00","slug":"meble-milar-9-mlodziezowe-biurko-regal-szafa-komoda-polka-wiszaca-dab-crem","status":"publish","type":"product","link":"https:\/\/baldumarket.lt\/lt\/product\/meble-milar-9-mlodziezowe-biurko-regal-szafa-komoda-polka-wiszaca-dab-crem\/","title":{"rendered":"MILAR #9 jaunimo bald\u0173 stalas, knyg\u0173 lentyna, drabu\u017ei\u0173 spinta, komoda, pakabinama lentyna, kreminio \u0105\u017euolo spalvos"},"content":{"rendered":"<p>MILAR rinkinys, 9 vnt.<br \/>\nKomplekt\u0105 sudaro: MILAR 02 ra\u0161omasis stalas 2vnt. [125\/75\/52] MILAR 04 komoda 4vnt. [135\/94\/42] MILAR 07 lentyna [90\/39\/22] MILAR 09 knyg\u0173 lentyna 4vnt. [80\/190\/42] MILAR 12 spinta 3vnt. [100\/190\/42] Spalvos: kremonos \u0105\u017euolas \/ granados migdol\u0173 spalva \/ juoda<\/p>","protected":false},"excerpt":{"rendered":"<p>Svoris [kg]: 302<\/p>","protected":false},"featured_media":224747,"comment_status":"open","ping_status":"open","template":"","meta":[],"product_brand":[],"product_cat":[8386,2008],"product_tag":[],"class_list":{"0":"post-224746","1":"product","2":"type-product","3":"status-publish","4":"has-post-thumbnail","6":"product_cat-meblocross","7":"product_cat-wall-units","9":"first","10":"instock","11":"purchasable","12":"product-type-simple"},"_links":{"self":[{"href":"https:\/\/baldumarket.lt\/lt\/wp-json\/wp\/v2\/product\/224746","targetHints":{"allow":["GET"]}}],"collection":[{"href":"https:\/\/baldumarket.lt\/lt\/wp-json\/wp\/v2\/product"}],"about":[{"href":"https:\/\/baldumarket.lt\/lt\/wp-json\/wp\/v2\/types\/product"}],"replies":[{"embeddable":true,"href":"https:\/\/baldumarket.lt\/lt\/wp-json\/wp\/v2\/comments?post=224746"}],"wp:featuredmedia":[{"embeddable":true,"href":"https:\/\/baldumarket.lt\/lt\/wp-json\/wp\/v2\/media\/224747"}],"wp:attachment":[{"href":"https:\/\/baldumarket.lt\/lt\/wp-json\/wp\/v2\/media?parent=224746"}],"wp:term":[{"taxonomy":"product_brand","embeddable":true,"href":"https:\/\/baldumarket.lt\/lt\/wp-json\/wp\/v2\/product_brand?post=224746"},{"taxonomy":"product_cat","embeddable":true,"href":"https:\/\/baldumarket.lt\/lt\/wp-json\/wp\/v2\/product_cat?post=224746"},{"taxonomy":"product_tag","embeddable":true,"href":"https:\/\/baldumarket.lt\/lt\/wp-json\/wp\/v2\/product_tag?post=224746"}],"curies":[{"name":"wp","href":"https:\/\/api.w.org\/{rel}","templated":true}]}}