{"id":224733,"date":"2025-12-28T03:56:03","date_gmt":"2025-12-28T00:56:03","guid":{"rendered":"https:\/\/baldumarket.lt\/product\/meble-milar-01-biurko-1d1s-komputerowe-gamingowe-dab-cremona-czarny\/"},"modified":"2026-02-11T18:38:00","modified_gmt":"2026-02-11T15:38:00","slug":"meble-milar-01-biurko-1d1s-komputerowe-gamingowe-dab-cremona-czarny","status":"publish","type":"product","link":"https:\/\/baldumarket.lt\/lt\/product\/meble-milar-01-biurko-1d1s-komputerowe-gamingowe-dab-cremona-czarny\/","title":{"rendered":"MILAR 01 baldai 1d1s kompiuterini\u0173 \u017eaidim\u0173 stalas kremonos \u0105\u017euolas \/ juodas"},"content":{"rendered":"<p>MILAR 01 ra\u0161omasis stalas 1d1s<br \/>\nSpalva: Kremonos \u0105\u017euolas \/ juoda<\/p>","protected":false},"excerpt":{"rendered":"<p>Plotis [cm]: 110<br \/>\nAuk\u0161tis [cm]: 75<br \/>\nGylis [cm]: 52<br \/>\nSvoris [kg]: 36<\/p>","protected":false},"featured_media":224734,"comment_status":"open","ping_status":"open","template":"","meta":[],"product_brand":[],"product_cat":[1312,8386],"product_tag":[],"class_list":{"0":"post-224733","1":"product","2":"type-product","3":"status-publish","4":"has-post-thumbnail","6":"product_cat-desks","7":"product_cat-meblocross","9":"first","10":"instock","11":"purchasable","12":"product-type-simple"},"_links":{"self":[{"href":"https:\/\/baldumarket.lt\/lt\/wp-json\/wp\/v2\/product\/224733","targetHints":{"allow":["GET"]}}],"collection":[{"href":"https:\/\/baldumarket.lt\/lt\/wp-json\/wp\/v2\/product"}],"about":[{"href":"https:\/\/baldumarket.lt\/lt\/wp-json\/wp\/v2\/types\/product"}],"replies":[{"embeddable":true,"href":"https:\/\/baldumarket.lt\/lt\/wp-json\/wp\/v2\/comments?post=224733"}],"wp:featuredmedia":[{"embeddable":true,"href":"https:\/\/baldumarket.lt\/lt\/wp-json\/wp\/v2\/media\/224734"}],"wp:attachment":[{"href":"https:\/\/baldumarket.lt\/lt\/wp-json\/wp\/v2\/media?parent=224733"}],"wp:term":[{"taxonomy":"product_brand","embeddable":true,"href":"https:\/\/baldumarket.lt\/lt\/wp-json\/wp\/v2\/product_brand?post=224733"},{"taxonomy":"product_cat","embeddable":true,"href":"https:\/\/baldumarket.lt\/lt\/wp-json\/wp\/v2\/product_cat?post=224733"},{"taxonomy":"product_tag","embeddable":true,"href":"https:\/\/baldumarket.lt\/lt\/wp-json\/wp\/v2\/product_tag?post=224733"}],"curies":[{"name":"wp","href":"https:\/\/api.w.org\/{rel}","templated":true}]}}