{"id":224720,"date":"2025-12-28T03:55:30","date_gmt":"2025-12-28T00:55:30","guid":{"rendered":"https:\/\/baldumarket.lt\/product\/meble-milar-02-biurko-2d1s-komputerowe-gamingowe-dab-cremona-granada-migdal\/"},"modified":"2026-02-11T18:38:00","modified_gmt":"2026-02-11T15:38:00","slug":"meble-milar-02-biurko-2d1s-komputerowe-gamingowe-dab-cremona-granada-migdal","status":"publish","type":"product","link":"https:\/\/baldumarket.lt\/lt\/product\/meble-milar-02-biurko-2d1s-komputerowe-gamingowe-dab-cremona-granada-migdal\/","title":{"rendered":"MILAR 02 baldai 2d1s kompiuterini\u0173 \u017eaidim\u0173 stalas kremonos \u0105\u017euolo granados migdol\u0173 spalvos"},"content":{"rendered":"<p>MILAR 02 stal\u010dius su dviem stal\u010diais<br \/>\nSpalvos: Kremonos \u0105\u017euolas \/ Granados migdol\u0173 spalva \/ Juoda<\/p>","protected":false},"excerpt":{"rendered":"<p>Plotis [cm]: 125<br \/>\nAuk\u0161tis [cm]: 75<br \/>\nGylis [cm]: 52<br \/>\nSvoris [kg]: 52<\/p>","protected":false},"featured_media":224721,"comment_status":"open","ping_status":"open","template":"","meta":[],"product_brand":[],"product_cat":[1312,8386],"product_tag":[],"class_list":{"0":"post-224720","1":"product","2":"type-product","3":"status-publish","4":"has-post-thumbnail","6":"product_cat-desks","7":"product_cat-meblocross","9":"first","10":"instock","11":"purchasable","12":"product-type-simple"},"_links":{"self":[{"href":"https:\/\/baldumarket.lt\/lt\/wp-json\/wp\/v2\/product\/224720","targetHints":{"allow":["GET"]}}],"collection":[{"href":"https:\/\/baldumarket.lt\/lt\/wp-json\/wp\/v2\/product"}],"about":[{"href":"https:\/\/baldumarket.lt\/lt\/wp-json\/wp\/v2\/types\/product"}],"replies":[{"embeddable":true,"href":"https:\/\/baldumarket.lt\/lt\/wp-json\/wp\/v2\/comments?post=224720"}],"wp:featuredmedia":[{"embeddable":true,"href":"https:\/\/baldumarket.lt\/lt\/wp-json\/wp\/v2\/media\/224721"}],"wp:attachment":[{"href":"https:\/\/baldumarket.lt\/lt\/wp-json\/wp\/v2\/media?parent=224720"}],"wp:term":[{"taxonomy":"product_brand","embeddable":true,"href":"https:\/\/baldumarket.lt\/lt\/wp-json\/wp\/v2\/product_brand?post=224720"},{"taxonomy":"product_cat","embeddable":true,"href":"https:\/\/baldumarket.lt\/lt\/wp-json\/wp\/v2\/product_cat?post=224720"},{"taxonomy":"product_tag","embeddable":true,"href":"https:\/\/baldumarket.lt\/lt\/wp-json\/wp\/v2\/product_tag?post=224720"}],"curies":[{"name":"wp","href":"https:\/\/api.w.org\/{rel}","templated":true}]}}