{"id":224707,"date":"2025-12-28T03:54:57","date_gmt":"2025-12-28T00:54:57","guid":{"rendered":"https:\/\/baldumarket.lt\/product\/meble-milar-03-komoda-z-szufladami-2d2s-dab-cremona-granada-migdal-czarny\/"},"modified":"2026-02-11T18:38:00","modified_gmt":"2026-02-11T15:38:00","slug":"meble-milar-03-komoda-z-szufladami-2d2s-dab-cremona-granada-migdal-czarny","status":"publish","type":"product","link":"https:\/\/baldumarket.lt\/lt\/product\/meble-milar-03-komoda-z-szufladami-2d2s-dab-cremona-granada-migdal-czarny\/","title":{"rendered":"MILAR 03 bald\u0173 komoda, 2 stal\u010diai, 2 vnt., kremonos \u0105\u017euolo, granados, migdol\u0173 \/ juodos spalvos"},"content":{"rendered":"<p>MILAR 03 komoda su dviem stal\u010diais<br \/>\nSpalvos: Kremonos \u0105\u017euolas \/ Granados migdol\u0173 spalva \/ Juoda<\/p>","protected":false},"excerpt":{"rendered":"<p>Plotis [cm]: 90<br \/>\nAuk\u0161tis [cm]: 94<br \/>\nGylis [cm]: 42<br \/>\nSvoris [kg]: 53<\/p>","protected":false},"featured_media":224708,"comment_status":"open","ping_status":"open","template":"","meta":[],"product_brand":[],"product_cat":[1173,8386],"product_tag":[],"class_list":{"0":"post-224707","1":"product","2":"type-product","3":"status-publish","4":"has-post-thumbnail","6":"product_cat-chests-of-drawers","7":"product_cat-meblocross","9":"first","10":"instock","11":"purchasable","12":"product-type-simple"},"_links":{"self":[{"href":"https:\/\/baldumarket.lt\/lt\/wp-json\/wp\/v2\/product\/224707","targetHints":{"allow":["GET"]}}],"collection":[{"href":"https:\/\/baldumarket.lt\/lt\/wp-json\/wp\/v2\/product"}],"about":[{"href":"https:\/\/baldumarket.lt\/lt\/wp-json\/wp\/v2\/types\/product"}],"replies":[{"embeddable":true,"href":"https:\/\/baldumarket.lt\/lt\/wp-json\/wp\/v2\/comments?post=224707"}],"wp:featuredmedia":[{"embeddable":true,"href":"https:\/\/baldumarket.lt\/lt\/wp-json\/wp\/v2\/media\/224708"}],"wp:attachment":[{"href":"https:\/\/baldumarket.lt\/lt\/wp-json\/wp\/v2\/media?parent=224707"}],"wp:term":[{"taxonomy":"product_brand","embeddable":true,"href":"https:\/\/baldumarket.lt\/lt\/wp-json\/wp\/v2\/product_brand?post=224707"},{"taxonomy":"product_cat","embeddable":true,"href":"https:\/\/baldumarket.lt\/lt\/wp-json\/wp\/v2\/product_cat?post=224707"},{"taxonomy":"product_tag","embeddable":true,"href":"https:\/\/baldumarket.lt\/lt\/wp-json\/wp\/v2\/product_tag?post=224707"}],"curies":[{"name":"wp","href":"https:\/\/api.w.org\/{rel}","templated":true}]}}