{"id":224651,"date":"2025-12-28T03:52:49","date_gmt":"2025-12-28T00:52:49","guid":{"rendered":"https:\/\/baldumarket.lt\/product\/meble-milar-08-niski-regal-na-ksiazki-n4d2s-dab-crem-granada-migdal-czarny\/"},"modified":"2026-02-11T18:38:01","modified_gmt":"2026-02-11T15:38:01","slug":"meble-milar-08-niski-regal-na-ksiazki-n4d2s-dab-crem-granada-migdal-czarny","status":"publish","type":"product","link":"https:\/\/baldumarket.lt\/lt\/product\/meble-milar-08-niski-regal-na-ksiazki-n4d2s-dab-crem-granada-migdal-czarny\/","title":{"rendered":"MILAR 08 \u017eema bald\u0173 knyg\u0173 lentyna, 4 vnt., 2 vnt., kreminis \u0105\u017euolas, granada, migdol\u0173 juoda spalva"},"content":{"rendered":"<p>MILAR 08 knyg\u0173 lentyna n4d2s<br \/>\nSpalvos: Kremonos \u0105\u017euolas \/ Granados migdol\u0173 spalva \/ Juoda<\/p>","protected":false},"excerpt":{"rendered":"<p>Plotis [cm]: 90<br \/>\nAuk\u0161tis [cm]: 141<br \/>\nGylis [cm]: 42<br \/>\nSvoris [kg]: 70<\/p>","protected":false},"featured_media":224652,"comment_status":"open","ping_status":"open","template":"","meta":[],"product_brand":[],"product_cat":[8386,1987],"product_tag":[],"class_list":{"0":"post-224651","1":"product","2":"type-product","3":"status-publish","4":"has-post-thumbnail","6":"product_cat-meblocross","7":"product_cat-shelving-units","9":"first","10":"instock","11":"purchasable","12":"product-type-simple"},"_links":{"self":[{"href":"https:\/\/baldumarket.lt\/lt\/wp-json\/wp\/v2\/product\/224651","targetHints":{"allow":["GET"]}}],"collection":[{"href":"https:\/\/baldumarket.lt\/lt\/wp-json\/wp\/v2\/product"}],"about":[{"href":"https:\/\/baldumarket.lt\/lt\/wp-json\/wp\/v2\/types\/product"}],"replies":[{"embeddable":true,"href":"https:\/\/baldumarket.lt\/lt\/wp-json\/wp\/v2\/comments?post=224651"}],"wp:featuredmedia":[{"embeddable":true,"href":"https:\/\/baldumarket.lt\/lt\/wp-json\/wp\/v2\/media\/224652"}],"wp:attachment":[{"href":"https:\/\/baldumarket.lt\/lt\/wp-json\/wp\/v2\/media?parent=224651"}],"wp:term":[{"taxonomy":"product_brand","embeddable":true,"href":"https:\/\/baldumarket.lt\/lt\/wp-json\/wp\/v2\/product_brand?post=224651"},{"taxonomy":"product_cat","embeddable":true,"href":"https:\/\/baldumarket.lt\/lt\/wp-json\/wp\/v2\/product_cat?post=224651"},{"taxonomy":"product_tag","embeddable":true,"href":"https:\/\/baldumarket.lt\/lt\/wp-json\/wp\/v2\/product_tag?post=224651"}],"curies":[{"name":"wp","href":"https:\/\/api.w.org\/{rel}","templated":true}]}}