{"id":224633,"date":"2025-12-28T03:52:11","date_gmt":"2025-12-28T00:52:11","guid":{"rendered":"https:\/\/baldumarket.lt\/product\/meble-milar-09-regal-na-ksiazki-w4d2s\/"},"modified":"2026-02-11T18:38:01","modified_gmt":"2026-02-11T15:38:01","slug":"meble-milar-09-regal-na-ksiazki-w4d2s","status":"publish","type":"product","link":"https:\/\/baldumarket.lt\/lt\/product\/meble-milar-09-regal-na-ksiazki-w4d2s\/","title":{"rendered":"MILAR 09 bald\u0173 knyg\u0173 lentyna, 4 vnt., 2 vnt"},"content":{"rendered":"<p>MILAR 09 Knyg\u0173 lentyna w4d2s<br \/>\nGalimos spalvos: balta \/ Artisan \u0105\u017euolas \/ juoda, Endgrain \u0105\u017euolas \/ betono pilka \/ juoda, \u0161viesus Sonoma \u0105\u017euolas \/ blizgi balta \/ balta, akmens \u0105\u017euolas \/ blizgi juoda \/ juoda, Artisan \u0105\u017euolas \/ betono juoda \/ juoda, Grange \u0105\u017euolas \/ grafitas \/ juoda<\/p>","protected":false},"excerpt":{"rendered":"<p>Plotis [cm]: 80<br \/>\nAuk\u0161tis [cm]: 190<br \/>\nGylis [cm]: 42<br \/>\nSvoris [kg]: 82<\/p>","protected":false},"featured_media":224634,"comment_status":"open","ping_status":"open","template":"","meta":[],"product_brand":[],"product_cat":[8386,1987],"product_tag":[],"class_list":{"0":"post-224633","1":"product","2":"type-product","3":"status-publish","4":"has-post-thumbnail","6":"product_cat-meblocross","7":"product_cat-shelving-units","9":"first","10":"instock","11":"purchasable","12":"product-type-simple"},"_links":{"self":[{"href":"https:\/\/baldumarket.lt\/lt\/wp-json\/wp\/v2\/product\/224633","targetHints":{"allow":["GET"]}}],"collection":[{"href":"https:\/\/baldumarket.lt\/lt\/wp-json\/wp\/v2\/product"}],"about":[{"href":"https:\/\/baldumarket.lt\/lt\/wp-json\/wp\/v2\/types\/product"}],"replies":[{"embeddable":true,"href":"https:\/\/baldumarket.lt\/lt\/wp-json\/wp\/v2\/comments?post=224633"}],"wp:featuredmedia":[{"embeddable":true,"href":"https:\/\/baldumarket.lt\/lt\/wp-json\/wp\/v2\/media\/224634"}],"wp:attachment":[{"href":"https:\/\/baldumarket.lt\/lt\/wp-json\/wp\/v2\/media?parent=224633"}],"wp:term":[{"taxonomy":"product_brand","embeddable":true,"href":"https:\/\/baldumarket.lt\/lt\/wp-json\/wp\/v2\/product_brand?post=224633"},{"taxonomy":"product_cat","embeddable":true,"href":"https:\/\/baldumarket.lt\/lt\/wp-json\/wp\/v2\/product_cat?post=224633"},{"taxonomy":"product_tag","embeddable":true,"href":"https:\/\/baldumarket.lt\/lt\/wp-json\/wp\/v2\/product_tag?post=224633"}],"curies":[{"name":"wp","href":"https:\/\/api.w.org\/{rel}","templated":true}]}}