{"id":224612,"date":"2025-12-28T03:51:19","date_gmt":"2025-12-28T00:51:19","guid":{"rendered":"https:\/\/baldumarket.lt\/product\/meble-milar-11-komoda-stolik-szafka-rtv-2s-dab-cremo-granada-migdal-czarny\/"},"modified":"2026-02-11T18:38:01","modified_gmt":"2026-02-11T15:38:01","slug":"meble-milar-11-komoda-stolik-szafka-rtv-2s-dab-cremo-granada-migdal-czarny","status":"publish","type":"product","link":"https:\/\/baldumarket.lt\/lt\/product\/meble-milar-11-komoda-stolik-szafka-rtv-2s-dab-cremo-granada-migdal-czarny\/","title":{"rendered":"MILAR 11 bald\u0173 komoda, TV staliukas, 2 viet\u0173, kremo \u0105\u017euolas, granada, migdol\u0173 spalva, juoda"},"content":{"rendered":"<p>MILAR 11 dvivietis televizoriaus staliukas<br \/>\nGalimos spalvos: Kremonos \u0105\u017euolas \/ Granados migdol\u0173 spalva \/ Juoda<\/p>","protected":false},"excerpt":{"rendered":"<p>Plotis [cm]: 135<br \/>\nAuk\u0161tis [cm]: 47<br \/>\nGylis [cm]: 42<br \/>\nSvoris [kg]: 44<\/p>","protected":false},"featured_media":224613,"comment_status":"open","ping_status":"open","template":"","meta":[],"product_brand":[],"product_cat":[1173,8386],"product_tag":[],"class_list":{"0":"post-224612","1":"product","2":"type-product","3":"status-publish","4":"has-post-thumbnail","6":"product_cat-chests-of-drawers","7":"product_cat-meblocross","9":"first","10":"instock","11":"purchasable","12":"product-type-simple"},"_links":{"self":[{"href":"https:\/\/baldumarket.lt\/lt\/wp-json\/wp\/v2\/product\/224612","targetHints":{"allow":["GET"]}}],"collection":[{"href":"https:\/\/baldumarket.lt\/lt\/wp-json\/wp\/v2\/product"}],"about":[{"href":"https:\/\/baldumarket.lt\/lt\/wp-json\/wp\/v2\/types\/product"}],"replies":[{"embeddable":true,"href":"https:\/\/baldumarket.lt\/lt\/wp-json\/wp\/v2\/comments?post=224612"}],"wp:featuredmedia":[{"embeddable":true,"href":"https:\/\/baldumarket.lt\/lt\/wp-json\/wp\/v2\/media\/224613"}],"wp:attachment":[{"href":"https:\/\/baldumarket.lt\/lt\/wp-json\/wp\/v2\/media?parent=224612"}],"wp:term":[{"taxonomy":"product_brand","embeddable":true,"href":"https:\/\/baldumarket.lt\/lt\/wp-json\/wp\/v2\/product_brand?post=224612"},{"taxonomy":"product_cat","embeddable":true,"href":"https:\/\/baldumarket.lt\/lt\/wp-json\/wp\/v2\/product_cat?post=224612"},{"taxonomy":"product_tag","embeddable":true,"href":"https:\/\/baldumarket.lt\/lt\/wp-json\/wp\/v2\/product_tag?post=224612"}],"curies":[{"name":"wp","href":"https:\/\/api.w.org\/{rel}","templated":true}]}}