{"id":224573,"date":"2025-12-28T03:49:38","date_gmt":"2025-12-28T00:49:38","guid":{"rendered":"https:\/\/baldumarket.lt\/product\/meble-milar-14-niska-witryna-do-salonu-n2d2s-dab-cre-granada-migdal-czarny\/"},"modified":"2026-02-11T18:38:02","modified_gmt":"2026-02-11T15:38:02","slug":"meble-milar-14-niska-witryna-do-salonu-n2d2s-dab-cre-granada-migdal-czarny","status":"publish","type":"product","link":"https:\/\/baldumarket.lt\/lt\/product\/meble-milar-14-niska-witryna-do-salonu-n2d2s-dab-cre-granada-migdal-czarny\/","title":{"rendered":"MILAR 14 \u017eema vitrina svetainei, 2 vnt., Kretos \u0105\u017euolo, Granados, migdol\u0173 juodumo spalvos"},"content":{"rendered":"<p>MILAR 14 vitrina n2d2s<br \/>\nSpalvos: Kremonos \u0105\u017euolas \/ Granados migdol\u0173 spalva \/ Juoda<\/p>","protected":false},"excerpt":{"rendered":"<p>Plotis [cm]: 70<br \/>\nAuk\u0161tis [cm]: 175<br \/>\nGylis [cm]: 42<br \/>\nSvoris [kg]: 66<\/p>","protected":false},"featured_media":224574,"comment_status":"open","ping_status":"open","template":"","meta":[],"product_brand":[],"product_cat":[8386,2006],"product_tag":[],"class_list":{"0":"post-224573","1":"product","2":"type-product","3":"status-publish","4":"has-post-thumbnail","6":"product_cat-meblocross","7":"product_cat-vitrines","9":"first","10":"instock","11":"purchasable","12":"product-type-simple"},"_links":{"self":[{"href":"https:\/\/baldumarket.lt\/lt\/wp-json\/wp\/v2\/product\/224573","targetHints":{"allow":["GET"]}}],"collection":[{"href":"https:\/\/baldumarket.lt\/lt\/wp-json\/wp\/v2\/product"}],"about":[{"href":"https:\/\/baldumarket.lt\/lt\/wp-json\/wp\/v2\/types\/product"}],"replies":[{"embeddable":true,"href":"https:\/\/baldumarket.lt\/lt\/wp-json\/wp\/v2\/comments?post=224573"}],"wp:featuredmedia":[{"embeddable":true,"href":"https:\/\/baldumarket.lt\/lt\/wp-json\/wp\/v2\/media\/224574"}],"wp:attachment":[{"href":"https:\/\/baldumarket.lt\/lt\/wp-json\/wp\/v2\/media?parent=224573"}],"wp:term":[{"taxonomy":"product_brand","embeddable":true,"href":"https:\/\/baldumarket.lt\/lt\/wp-json\/wp\/v2\/product_brand?post=224573"},{"taxonomy":"product_cat","embeddable":true,"href":"https:\/\/baldumarket.lt\/lt\/wp-json\/wp\/v2\/product_cat?post=224573"},{"taxonomy":"product_tag","embeddable":true,"href":"https:\/\/baldumarket.lt\/lt\/wp-json\/wp\/v2\/product_tag?post=224573"}],"curies":[{"name":"wp","href":"https:\/\/api.w.org\/{rel}","templated":true}]}}