{"id":224555,"date":"2025-12-28T03:48:57","date_gmt":"2025-12-28T00:48:57","guid":{"rendered":"https:\/\/baldumarket.lt\/product\/meble-milar-15-witryna-w2d2s\/"},"modified":"2026-02-11T18:38:02","modified_gmt":"2026-02-11T15:38:02","slug":"meble-milar-15-witryna-w2d2s","status":"publish","type":"product","link":"https:\/\/baldumarket.lt\/lt\/product\/meble-milar-15-witryna-w2d2s\/","title":{"rendered":"MILAR 15 bald\u0173 vitrina, 2 vnt., 2 vnt.\/2 vnt"},"content":{"rendered":"<p>MILAR 15 vitrina, 2 vnt., 2 vnt.\/sulankstoma<br \/>\nGalimos spalvos: balta \/ Artisan \u0105\u017euolas \/ juoda, Endgrain \u0105\u017euolas \/ betono pilka \/ juoda, \u0161viesus Sonoma \u0105\u017euolas \/ blizgi balta \/ balta, akmens \u0105\u017euolas \/ blizgi juoda \/ juoda, Artisan \u0105\u017euolas \/ betono juoda \/ juoda, Grange \u0105\u017euolas \/ grafitas \/ juoda<\/p>","protected":false},"excerpt":{"rendered":"<p>Plotis [cm]: 80<br \/>\nAuk\u0161tis [cm]: 190<br \/>\nGylis [cm]: 42<br \/>\nSvoris [kg]: 81,5<\/p>","protected":false},"featured_media":224556,"comment_status":"open","ping_status":"open","template":"","meta":[],"product_brand":[],"product_cat":[8386,2006],"product_tag":[],"class_list":{"0":"post-224555","1":"product","2":"type-product","3":"status-publish","4":"has-post-thumbnail","6":"product_cat-meblocross","7":"product_cat-vitrines","9":"first","10":"instock","11":"purchasable","12":"product-type-simple"},"_links":{"self":[{"href":"https:\/\/baldumarket.lt\/lt\/wp-json\/wp\/v2\/product\/224555","targetHints":{"allow":["GET"]}}],"collection":[{"href":"https:\/\/baldumarket.lt\/lt\/wp-json\/wp\/v2\/product"}],"about":[{"href":"https:\/\/baldumarket.lt\/lt\/wp-json\/wp\/v2\/types\/product"}],"replies":[{"embeddable":true,"href":"https:\/\/baldumarket.lt\/lt\/wp-json\/wp\/v2\/comments?post=224555"}],"wp:featuredmedia":[{"embeddable":true,"href":"https:\/\/baldumarket.lt\/lt\/wp-json\/wp\/v2\/media\/224556"}],"wp:attachment":[{"href":"https:\/\/baldumarket.lt\/lt\/wp-json\/wp\/v2\/media?parent=224555"}],"wp:term":[{"taxonomy":"product_brand","embeddable":true,"href":"https:\/\/baldumarket.lt\/lt\/wp-json\/wp\/v2\/product_brand?post=224555"},{"taxonomy":"product_cat","embeddable":true,"href":"https:\/\/baldumarket.lt\/lt\/wp-json\/wp\/v2\/product_cat?post=224555"},{"taxonomy":"product_tag","embeddable":true,"href":"https:\/\/baldumarket.lt\/lt\/wp-json\/wp\/v2\/product_tag?post=224555"}],"curies":[{"name":"wp","href":"https:\/\/api.w.org\/{rel}","templated":true}]}}