{"id":224543,"date":"2025-12-28T03:48:23","date_gmt":"2025-12-28T00:48:23","guid":{"rendered":"https:\/\/baldumarket.lt\/product\/meble-norsid-1-zestaw-pokojowy-mebloscianka\/"},"modified":"2026-02-11T18:38:02","modified_gmt":"2026-02-11T15:38:02","slug":"meble-norsid-1-zestaw-pokojowy-mebloscianka","status":"publish","type":"product","link":"https:\/\/baldumarket.lt\/lt\/product\/meble-norsid-1-zestaw-pokojowy-mebloscianka\/","title":{"rendered":"NORSID bald\u0173 komplektas Nr. 1, sienin\u0117 svetain\u0117s spintel\u0117"},"content":{"rendered":"<p>NORSID 1 rinkinys<br \/>\nKomplekt\u0105 sudaro: NORSID 17 vien\u0173 dur\u0173 vitrina (2S) [90\/191\/42], NORSID 14 trij\u0173 dur\u0173 televizoriaus staliukas (120\/53\/41), NORSID 09 vien\u0173 dur\u0173 lentyna (120\/50\/27), NORSID 11 dviej\u0173 dur\u0173 knyg\u0173 lentyna (2SW) [80\/125\/42], NORSID 07 dviej\u0173 dur\u0173 kavos staliukas (120\/40\/65), 2 x NORSID 08 lentynos (50\/160\/25) [cm]<br \/>\nBaldai pagaminti i\u0161 16 mm ir 25 mm storio med\u017eio dro\u017eli\u0173 plok\u0161t\u0117s su ABS briaunomis. Stal\u010diai ir durel\u0117s turi \u0161velnaus u\u017edarymo mechanizm\u0105. Medin\u0117s kojel\u0117s, auk\u0161tis: 18 cm. Sistemos spalv\u0173 variantai: \u0161viesus Sonoma \u0105\u017euolas \/ balta, Artisan \u0105\u017euolas \/ balta, auksinis Craft \u0105\u017euolas \/ balta, Tobaco \u0105\u017euolas \/ balta, tamsus Sonoma \u0105\u017euolas \/ balta, juoda \/ balta<\/p>","protected":false},"excerpt":{"rendered":"<p>NORSID 1 komplektas Komplekt\u0105 sudaro: NORSID 17 vien\u0173 dur\u0173 vitrina (2S) [90\/191\/42], NORSID 14 trij\u0173 dur\u0173 televizoriaus staliukas (120\/53\/41), NORSID 09 vien\u0173 dur\u0173 lentyna (120\/50\/27), NORSID 11 dviej\u0173 dur\u0173 knyg\u0173 spinta (2SW) [80\/125\/42], NORSID 07 dviej\u0173 dur\u0173 kavos staliukas (120\/40\/65), 2 x NORSID 08 lentynos (50\/160\/25) [cm]. Baldai pagaminti i\u0161 16 mm ir 25 mm storio med\u017eio dro\u017eli\u0173 plok\u0161t\u0117s su ABS kra\u0161tais. [\u2026]<\/p>","protected":false},"featured_media":224544,"comment_status":"open","ping_status":"open","template":"","meta":[],"product_brand":[],"product_cat":[8386,2008],"product_tag":[],"class_list":{"0":"post-224543","1":"product","2":"type-product","3":"status-publish","4":"has-post-thumbnail","6":"product_cat-meblocross","7":"product_cat-wall-units","9":"first","10":"instock","11":"purchasable","12":"product-type-simple"},"_links":{"self":[{"href":"https:\/\/baldumarket.lt\/lt\/wp-json\/wp\/v2\/product\/224543","targetHints":{"allow":["GET"]}}],"collection":[{"href":"https:\/\/baldumarket.lt\/lt\/wp-json\/wp\/v2\/product"}],"about":[{"href":"https:\/\/baldumarket.lt\/lt\/wp-json\/wp\/v2\/types\/product"}],"replies":[{"embeddable":true,"href":"https:\/\/baldumarket.lt\/lt\/wp-json\/wp\/v2\/comments?post=224543"}],"wp:featuredmedia":[{"embeddable":true,"href":"https:\/\/baldumarket.lt\/lt\/wp-json\/wp\/v2\/media\/224544"}],"wp:attachment":[{"href":"https:\/\/baldumarket.lt\/lt\/wp-json\/wp\/v2\/media?parent=224543"}],"wp:term":[{"taxonomy":"product_brand","embeddable":true,"href":"https:\/\/baldumarket.lt\/lt\/wp-json\/wp\/v2\/product_brand?post=224543"},{"taxonomy":"product_cat","embeddable":true,"href":"https:\/\/baldumarket.lt\/lt\/wp-json\/wp\/v2\/product_cat?post=224543"},{"taxonomy":"product_tag","embeddable":true,"href":"https:\/\/baldumarket.lt\/lt\/wp-json\/wp\/v2\/product_tag?post=224543"}],"curies":[{"name":"wp","href":"https:\/\/api.w.org\/{rel}","templated":true}]}}