{"id":224535,"date":"2025-12-28T03:48:07","date_gmt":"2025-12-28T00:48:07","guid":{"rendered":"https:\/\/baldumarket.lt\/product\/meble-norsid-2-zestaw-pokojowy-mebloscianka\/"},"modified":"2026-02-11T18:38:02","modified_gmt":"2026-02-11T15:38:02","slug":"meble-norsid-2-zestaw-pokojowy-mebloscianka","status":"publish","type":"product","link":"https:\/\/baldumarket.lt\/lt\/product\/meble-norsid-2-zestaw-pokojowy-mebloscianka\/","title":{"rendered":"NORSID bald\u0173 komplektas Nr. 2 su sienine spintele"},"content":{"rendered":"<p>NORSID 2 rinkinys<br \/>\nKomplekt\u0105 sudaro: NORSID 16 trij\u0173 dur\u0173 spinta (2D) [130\/191\/62], NORSID 10 vieneri\u0173 dur\u0173 lentyna (2D) [80\/98\/42], NORSID 13 dviej\u0173 dur\u0173 televizoriaus staliukas (2D) [160\/53\/41], NORSID 11 dviej\u0173 dur\u0173 lentyna (2D) [80\/125\/42], NORSID 07 dviej\u0173 dur\u0173 kavos staliukas (120\/40\/65), NORSID 08 lentyna (50\/160\/25) [cm]<br \/>\nBaldai pagaminti i\u0161 16 mm ir 25 mm storio med\u017eio dro\u017eli\u0173 plok\u0161t\u0117s su ABS briaunomis. Stal\u010diai ir durel\u0117s turi \u0161velnaus u\u017edarymo mechanizm\u0105. Medin\u0117s kojel\u0117s, auk\u0161tis: 18 cm. Sistemos spalv\u0173 variantai: \u0161viesus Sonoma \u0105\u017euolas \/ balta, Artisan \u0105\u017euolas \/ balta, auksinis Craft \u0105\u017euolas \/ balta, Tobaco \u0105\u017euolas \/ balta, tamsus Sonoma \u0105\u017euolas \/ balta, juoda \/ balta<\/p>","protected":false},"excerpt":{"rendered":"<p>NORSID 2 komplektas Komplekt\u0105 sudaro: NORSID 16 trij\u0173 dur\u0173 spinta (2D) [130\/191\/62], NORSID 10 vieneri\u0173 dur\u0173 lentyna (2D) [80\/98\/42], NORSID 13 dviej\u0173 dur\u0173 televizoriaus staliukas (2D) [160\/53\/41], NORSID 11 dviej\u0173 dur\u0173 lentyna (2D) [80\/125\/42], NORSID 07 dviej\u0173 dur\u0173 kavos staliukas (120\/40\/65), NORSID 08 lentyna (50\/160\/25) [cm]. Baldai pagaminti i\u0161 16 mm ir 25 mm storio med\u017eio dro\u017eli\u0173 plok\u0161t\u0117s su ABS apvadais. [\u2026]<\/p>","protected":false},"featured_media":224536,"comment_status":"open","ping_status":"open","template":"","meta":[],"product_brand":[],"product_cat":[8386,2008],"product_tag":[],"class_list":{"0":"post-224535","1":"product","2":"type-product","3":"status-publish","4":"has-post-thumbnail","6":"product_cat-meblocross","7":"product_cat-wall-units","9":"first","10":"instock","11":"purchasable","12":"product-type-simple"},"_links":{"self":[{"href":"https:\/\/baldumarket.lt\/lt\/wp-json\/wp\/v2\/product\/224535","targetHints":{"allow":["GET"]}}],"collection":[{"href":"https:\/\/baldumarket.lt\/lt\/wp-json\/wp\/v2\/product"}],"about":[{"href":"https:\/\/baldumarket.lt\/lt\/wp-json\/wp\/v2\/types\/product"}],"replies":[{"embeddable":true,"href":"https:\/\/baldumarket.lt\/lt\/wp-json\/wp\/v2\/comments?post=224535"}],"wp:featuredmedia":[{"embeddable":true,"href":"https:\/\/baldumarket.lt\/lt\/wp-json\/wp\/v2\/media\/224536"}],"wp:attachment":[{"href":"https:\/\/baldumarket.lt\/lt\/wp-json\/wp\/v2\/media?parent=224535"}],"wp:term":[{"taxonomy":"product_brand","embeddable":true,"href":"https:\/\/baldumarket.lt\/lt\/wp-json\/wp\/v2\/product_brand?post=224535"},{"taxonomy":"product_cat","embeddable":true,"href":"https:\/\/baldumarket.lt\/lt\/wp-json\/wp\/v2\/product_cat?post=224535"},{"taxonomy":"product_tag","embeddable":true,"href":"https:\/\/baldumarket.lt\/lt\/wp-json\/wp\/v2\/product_tag?post=224535"}],"curies":[{"name":"wp","href":"https:\/\/api.w.org\/{rel}","templated":true}]}}